{"id":13,"date":"2025-09-10T12:21:51","date_gmt":"2025-09-10T12:21:51","guid":{"rendered":"https:\/\/zeocar.lienzovirtual.com.ar\/?page_id=13"},"modified":"2026-04-16T16:07:44","modified_gmt":"2026-04-16T16:07:44","slug":"nosotros","status":"publish","type":"page","link":"https:\/\/zeocar.lienzovirtual.com.ar\/?page_id=13","title":{"rendered":"NOSOTROS"},"content":{"rendered":"\t\t<div data-elementor-type=\"wp-page\" data-elementor-id=\"13\" class=\"elementor elementor-13\" data-elementor-post-type=\"page\">\n\t\t\t\t<div class=\"elementor-element elementor-element-93985f8 e-con-full elementor-hidden-mobile e-flex wpr-particle-no wpr-jarallax-no wpr-parallax-no wpr-sticky-section-no e-con e-parent\" data-id=\"93985f8\" data-element_type=\"container\" data-e-type=\"container\" data-settings=\"{&quot;background_background&quot;:&quot;classic&quot;,&quot;animation&quot;:&quot;none&quot;}\">\n\t\t\t\t<\/div>\n\t\t<div class=\"elementor-element elementor-element-c42db63 e-flex e-con-boxed wpr-particle-no wpr-jarallax-no wpr-parallax-no wpr-sticky-section-no e-con e-parent\" data-id=\"c42db63\" data-element_type=\"container\" data-e-type=\"container\" data-settings=\"{&quot;background_background&quot;:&quot;classic&quot;}\">\n\t\t\t\t\t<div class=\"e-con-inner\">\n\t\t\t\t\t<\/div>\n\t\t\t\t<\/div>\n\t\t<div class=\"elementor-element elementor-element-8e91041 e-flex e-con-boxed wpr-particle-no wpr-jarallax-no wpr-parallax-no wpr-sticky-section-no e-con e-parent\" data-id=\"8e91041\" data-element_type=\"container\" data-e-type=\"container\">\n\t\t\t\t\t<div class=\"e-con-inner\">\n\t\t\t\t<div class=\"elementor-element elementor-element-6254972 elementor-widget__width-initial elementor-widget-mobile__width-initial elementor-widget elementor-widget-heading\" data-id=\"6254972\" data-element_type=\"widget\" data-e-type=\"widget\" data-widget_type=\"heading.default\">\n\t\t\t\t\t<h2 class=\"elementor-heading-title elementor-size-default\">M\u00e1s de cuatro d\u00e9cadas de excelencia<br>en el Repintado Automotor<\/h2>\t\t\t\t<\/div>\n\t\t\t\t<div class=\"elementor-element elementor-element-8c3ec44 elementor-widget elementor-widget-text-editor\" data-id=\"8c3ec44\" data-element_type=\"widget\" data-e-type=\"widget\" data-widget_type=\"text-editor.default\">\n\t\t\t\t\t\t\t\t\t<p style=\"text-align: left;\" data-start=\"76\" data-end=\"490\">Desde 1975, <strong>ZEOCAR ha sido pionera y referente en la industria argentina, consolid\u00e1ndose <\/strong><strong>como l\u00edder en la fabricaci\u00f3n y comercializaci\u00f3n de soluciones integrales para el repintado <\/strong><strong>de carrocer\u00edas automotrices.<\/strong><\/p><p style=\"text-align: left;\" data-start=\"76\" data-end=\"490\">Con una <strong>trayectoria de m\u00e1s de 50 a\u00f1os, nuestra esencia se ha forjado en el compromiso <\/strong><strong>inquebrantable con la calidad, la b\u00fasqueda constante de nuevas tecnolog\u00edas y la <\/strong><strong>innovaci\u00f3n<\/strong>. Esta filosof\u00eda nos ha permitido evolucionar y anticiparnos a las necesidades del mercado, ofreciendo una amplia gama de masillas poli\u00e9ster, pulimentos, complementos y accesorios que garantizan resultados excepcionales.<\/p><p style=\"text-align: left;\" data-start=\"76\" data-end=\"490\">El esfuerzo y la dedicaci\u00f3n de nuestro equipo nos han impulsado a trascender fronteras, posicionando a ZEOCAR como un actor destacado y de confianza no solo en Argentina, sino tambi\u00e9n en los mercados de Chile y Uruguay. <strong>Nuestro legado es la satisfacci\u00f3n de miles de <\/strong><strong>profesionales que eligen la calidad y el respaldo de una marca con historia y visi\u00f3n de <\/strong><strong>futuro.<\/strong><\/p>\t\t\t\t\t\t\t\t<\/div>\n\t\t\t\t\t<\/div>\n\t\t\t\t<\/div>\n\t\t<div class=\"elementor-element elementor-element-c62caa9 e-flex e-con-boxed wpr-particle-no wpr-jarallax-no wpr-parallax-no wpr-sticky-section-no e-con e-parent\" data-id=\"c62caa9\" data-element_type=\"container\" data-e-type=\"container\" data-settings=\"{&quot;background_background&quot;:&quot;classic&quot;,&quot;shape_divider_top&quot;:&quot;arrow&quot;}\">\n\t\t\t\t\t<div class=\"e-con-inner\">\n\t\t\t\t<div class=\"elementor-shape elementor-shape-top\" aria-hidden=\"true\" data-negative=\"false\">\n\t\t\t<svg xmlns=\"http:\/\/www.w3.org\/2000\/svg\" viewBox=\"0 0 700 10\" preserveAspectRatio=\"none\">\n\t<path class=\"elementor-shape-fill\" d=\"M350,10L340,0h20L350,10z\"\/>\n<\/svg>\t\t<\/div>\n\t\t\t\t<div class=\"elementor-element elementor-element-aadce59 elementor-widget elementor-widget-gallery\" data-id=\"aadce59\" data-element_type=\"widget\" data-e-type=\"widget\" data-settings=\"{&quot;gallery_layout&quot;:&quot;justified&quot;,&quot;ideal_row_height&quot;:{&quot;unit&quot;:&quot;px&quot;,&quot;size&quot;:215,&quot;sizes&quot;:[]},&quot;lazyload&quot;:&quot;yes&quot;,&quot;ideal_row_height_tablet&quot;:{&quot;unit&quot;:&quot;px&quot;,&quot;size&quot;:150,&quot;sizes&quot;:[]},&quot;ideal_row_height_mobile&quot;:{&quot;unit&quot;:&quot;px&quot;,&quot;size&quot;:150,&quot;sizes&quot;:[]},&quot;gap&quot;:{&quot;unit&quot;:&quot;px&quot;,&quot;size&quot;:10,&quot;sizes&quot;:[]},&quot;gap_tablet&quot;:{&quot;unit&quot;:&quot;px&quot;,&quot;size&quot;:10,&quot;sizes&quot;:[]},&quot;gap_mobile&quot;:{&quot;unit&quot;:&quot;px&quot;,&quot;size&quot;:10,&quot;sizes&quot;:[]},&quot;link_to&quot;:&quot;file&quot;,&quot;overlay_background&quot;:&quot;yes&quot;,&quot;content_hover_animation&quot;:&quot;fade-in&quot;}\" data-widget_type=\"gallery.default\">\n\t\t\t\t\t\t\t<div class=\"elementor-gallery__container\">\n\t\t\t\t\t\t\t<a class=\"e-gallery-item elementor-gallery-item elementor-animated-content\" href=\"https:\/\/zeocar.lienzovirtual.com.ar\/wp-content\/uploads\/2025\/09\/detalle.jpg\" data-elementor-open-lightbox=\"yes\" data-elementor-lightbox-slideshow=\"aadce59\" data-elementor-lightbox-title=\"detalle\" data-e-action-hash=\"#elementor-action%3Aaction%3Dlightbox%26settings%3DeyJpZCI6NjIzLCJ1cmwiOiJodHRwczpcL1wvemVvY2FyLmxpZW56b3ZpcnR1YWwuY29tLmFyXC93cC1jb250ZW50XC91cGxvYWRzXC8yMDI1XC8wOVwvZGV0YWxsZS5qcGciLCJzbGlkZXNob3ciOiJhYWRjZTU5In0%3D\">\n\t\t\t\t\t<div class=\"e-gallery-image elementor-gallery-item__image\" data-thumbnail=\"https:\/\/zeocar.lienzovirtual.com.ar\/wp-content\/uploads\/2025\/09\/detalle-768x774.jpg\" data-width=\"768\" data-height=\"774\" aria-label=\"\" role=\"img\" ><\/div>\n\t\t\t\t\t\t\t\t\t\t\t<div class=\"elementor-gallery-item__overlay\"><\/div>\n\t\t\t\t\t\t\t\t\t\t\t\t\t\t<\/a>\n\t\t\t\t\t\t\t<a class=\"e-gallery-item elementor-gallery-item elementor-animated-content\" href=\"https:\/\/zeocar.lienzovirtual.com.ar\/wp-content\/uploads\/2025\/09\/zeo3.jpg\" data-elementor-open-lightbox=\"yes\" data-elementor-lightbox-slideshow=\"aadce59\" data-elementor-lightbox-title=\"zeo3\" data-e-action-hash=\"#elementor-action%3Aaction%3Dlightbox%26settings%3DeyJpZCI6NjE5LCJ1cmwiOiJodHRwczpcL1wvemVvY2FyLmxpZW56b3ZpcnR1YWwuY29tLmFyXC93cC1jb250ZW50XC91cGxvYWRzXC8yMDI1XC8wOVwvemVvMy5qcGciLCJzbGlkZXNob3ciOiJhYWRjZTU5In0%3D\">\n\t\t\t\t\t<div class=\"e-gallery-image elementor-gallery-item__image\" data-thumbnail=\"https:\/\/zeocar.lienzovirtual.com.ar\/wp-content\/uploads\/2025\/09\/zeo3-768x458.jpg\" data-width=\"768\" data-height=\"458\" aria-label=\"\" role=\"img\" ><\/div>\n\t\t\t\t\t\t\t\t\t\t\t<div class=\"elementor-gallery-item__overlay\"><\/div>\n\t\t\t\t\t\t\t\t\t\t\t\t\t\t<\/a>\n\t\t\t\t\t\t\t<a class=\"e-gallery-item elementor-gallery-item elementor-animated-content\" href=\"https:\/\/zeocar.lienzovirtual.com.ar\/wp-content\/uploads\/2025\/09\/zeo2.jpg\" data-elementor-open-lightbox=\"yes\" data-elementor-lightbox-slideshow=\"aadce59\" data-elementor-lightbox-title=\"zeo2\" data-e-action-hash=\"#elementor-action%3Aaction%3Dlightbox%26settings%3DeyJpZCI6NjIwLCJ1cmwiOiJodHRwczpcL1wvemVvY2FyLmxpZW56b3ZpcnR1YWwuY29tLmFyXC93cC1jb250ZW50XC91cGxvYWRzXC8yMDI1XC8wOVwvemVvMi5qcGciLCJzbGlkZXNob3ciOiJhYWRjZTU5In0%3D\">\n\t\t\t\t\t<div class=\"e-gallery-image elementor-gallery-item__image\" data-thumbnail=\"https:\/\/zeocar.lienzovirtual.com.ar\/wp-content\/uploads\/2025\/09\/zeo2-768x603.jpg\" data-width=\"768\" data-height=\"603\" aria-label=\"\" role=\"img\" ><\/div>\n\t\t\t\t\t\t\t\t\t\t\t<div class=\"elementor-gallery-item__overlay\"><\/div>\n\t\t\t\t\t\t\t\t\t\t\t\t\t\t<\/a>\n\t\t\t\t\t\t\t<a class=\"e-gallery-item elementor-gallery-item elementor-animated-content\" href=\"https:\/\/zeocar.lienzovirtual.com.ar\/wp-content\/uploads\/2025\/09\/paso3.jpg\" data-elementor-open-lightbox=\"yes\" data-elementor-lightbox-slideshow=\"aadce59\" data-elementor-lightbox-title=\"paso3\" data-e-action-hash=\"#elementor-action%3Aaction%3Dlightbox%26settings%3DeyJpZCI6NjIyLCJ1cmwiOiJodHRwczpcL1wvemVvY2FyLmxpZW56b3ZpcnR1YWwuY29tLmFyXC93cC1jb250ZW50XC91cGxvYWRzXC8yMDI1XC8wOVwvcGFzbzMuanBnIiwic2xpZGVzaG93IjoiYWFkY2U1OSJ9\">\n\t\t\t\t\t<div class=\"e-gallery-image elementor-gallery-item__image\" data-thumbnail=\"https:\/\/zeocar.lienzovirtual.com.ar\/wp-content\/uploads\/2025\/09\/paso3-768x771.jpg\" data-width=\"768\" data-height=\"771\" aria-label=\"\" role=\"img\" ><\/div>\n\t\t\t\t\t\t\t\t\t\t\t<div class=\"elementor-gallery-item__overlay\"><\/div>\n\t\t\t\t\t\t\t\t\t\t\t\t\t\t<\/a>\n\t\t\t\t\t<\/div>\n\t\t\t\t\t<\/div>\n\t\t\t\t\t<\/div>\n\t\t\t\t<\/div>\n\t\t\t\t<\/div>\n\t\t","protected":false},"excerpt":{"rendered":"<p>M\u00e1s de cuatro d\u00e9cadas de excelenciaen el Repintado Automotor Desde 1975, ZEOCAR ha sido pionera y referente en la industria argentina, consolid\u00e1ndose como l\u00edder en la fabricaci\u00f3n y comercializaci\u00f3n de soluciones integrales para el repintado de carrocer\u00edas automotrices. Con una trayectoria de m\u00e1s de 50 a\u00f1os, nuestra esencia se ha forjado en el compromiso inquebrantable con la calidad, la b\u00fasqueda constante de nuevas tecnolog\u00edas y la innovaci\u00f3n. Esta filosof\u00eda nos ha permitido evolucionar y anticiparnos a las necesidades del mercado, ofreciendo una amplia gama de masillas poli\u00e9ster, pulimentos, complementos y accesorios que garantizan resultados excepcionales. El esfuerzo y la dedicaci\u00f3n de nuestro equipo nos han impulsado a trascender fronteras, posicionando a ZEOCAR como un actor destacado y de confianza no solo en Argentina, sino tambi\u00e9n en los mercados de Chile y Uruguay. Nuestro legado es la satisfacci\u00f3n de miles de profesionales que eligen la calidad y el respaldo de una marca con historia y visi\u00f3n de futuro.<\/p>\n","protected":false},"author":1,"featured_media":0,"parent":0,"menu_order":0,"comment_status":"closed","ping_status":"closed","template":"elementor_header_footer","meta":{"footnotes":""},"class_list":["post-13","page","type-page","status-publish","hentry"],"_hostinger_reach_plugin_has_subscription_block":false,"_hostinger_reach_plugin_is_elementor":false,"_links":{"self":[{"href":"https:\/\/zeocar.lienzovirtual.com.ar\/index.php?rest_route=\/wp\/v2\/pages\/13","targetHints":{"allow":["GET"]}}],"collection":[{"href":"https:\/\/zeocar.lienzovirtual.com.ar\/index.php?rest_route=\/wp\/v2\/pages"}],"about":[{"href":"https:\/\/zeocar.lienzovirtual.com.ar\/index.php?rest_route=\/wp\/v2\/types\/page"}],"author":[{"embeddable":true,"href":"https:\/\/zeocar.lienzovirtual.com.ar\/index.php?rest_route=\/wp\/v2\/users\/1"}],"replies":[{"embeddable":true,"href":"https:\/\/zeocar.lienzovirtual.com.ar\/index.php?rest_route=%2Fwp%2Fv2%2Fcomments&post=13"}],"version-history":[{"count":350,"href":"https:\/\/zeocar.lienzovirtual.com.ar\/index.php?rest_route=\/wp\/v2\/pages\/13\/revisions"}],"predecessor-version":[{"id":4785,"href":"https:\/\/zeocar.lienzovirtual.com.ar\/index.php?rest_route=\/wp\/v2\/pages\/13\/revisions\/4785"}],"wp:attachment":[{"href":"https:\/\/zeocar.lienzovirtual.com.ar\/index.php?rest_route=%2Fwp%2Fv2%2Fmedia&parent=13"}],"curies":[{"name":"wp","href":"https:\/\/api.w.org\/{rel}","templated":true}]}}