{"id":2297,"date":"2026-03-23T22:29:10","date_gmt":"2026-03-23T22:29:10","guid":{"rendered":"https:\/\/zeocar.lienzovirtual.com.ar\/?page_id=2297"},"modified":"2026-04-14T22:00:50","modified_gmt":"2026-04-14T22:00:50","slug":"productos","status":"publish","type":"page","link":"https:\/\/zeocar.lienzovirtual.com.ar\/?page_id=2297","title":{"rendered":"PRODUCTOS"},"content":{"rendered":"\t\t<div data-elementor-type=\"wp-page\" data-elementor-id=\"2297\" class=\"elementor elementor-2297\" data-elementor-post-type=\"page\">\n\t\t\t\t<div class=\"elementor-element elementor-element-26ae378c e-con-full e-flex wpr-particle-no wpr-jarallax-no wpr-parallax-no wpr-sticky-section-no e-con e-parent\" data-id=\"26ae378c\" data-element_type=\"container\" data-e-type=\"container\" data-settings=\"{&quot;background_background&quot;:&quot;classic&quot;}\">\n\t\t\t\t<div class=\"elementor-element elementor-element-78eefd55 elementor-widget elementor-widget-heading\" data-id=\"78eefd55\" data-element_type=\"widget\" data-e-type=\"widget\" data-widget_type=\"heading.default\">\n\t\t\t\t\t<h2 class=\"elementor-heading-title elementor-size-default\">NUESTROS PRODUCTOS<\/h2>\t\t\t\t<\/div>\n\t\t\t\t<div class=\"elementor-element elementor-element-7685ec38 elementor-widget elementor-widget-text-editor\" data-id=\"7685ec38\" data-element_type=\"widget\" data-e-type=\"widget\" data-widget_type=\"text-editor.default\">\n\t\t\t\t\t\t\t\t\t<p><span dir=\"auto\" style=\"vertical-align: inherit;\">Conoc\u00e9 nuestra l\u00ednea de productos de uso exclusivo profesional.<\/span><\/p>\t\t\t\t\t\t\t\t<\/div>\n\t\t\t\t<div class=\"elementor-element elementor-element-5193c614 wpr-item-styles-wrapper elementor-widget__width-initial elementor-widget-mobile__width-initial wpr-grid-columns-3 wpr-grid-columns--tablet2 wpr-grid-columns--mobile1 wpr-grid-pagination-center elementor-widget elementor-widget-wpr-woo-grid\" data-id=\"5193c614\" data-element_type=\"widget\" data-e-type=\"widget\" data-widget_type=\"wpr-woo-grid.default\">\n\t\t\t\t\t<ul class=\"wpr-grid-filters elementor-clearfix wpr-grid-filters-sep-right\"><li class=\" wpr-pointer-none wpr-pointer-line-fx wpr-pointer-fx-none\"><span data-filter=\"*\" class=\"wpr-active-filter \">TODOS<\/span><em class=\"wpr-grid-filters-sep\"><\/em><\/li><li class=\" wpr-pointer-none wpr-pointer-line-fx wpr-pointer-fx-none\"><span  data-ajax-filter=[\"product_cat\",\"masillas\"] data-filter=\".product_cat-masillas\">MASILLAS<\/span><em class=\"wpr-grid-filters-sep\"><\/em><\/li><li class=\" wpr-pointer-none wpr-pointer-line-fx wpr-pointer-fx-none\"><span  data-ajax-filter=[\"product_cat\",\"pulimentos-y-acabados\"] data-filter=\".product_cat-pulimentos-y-acabados\">PULIMENTOS Y ACABADOS<\/span><em class=\"wpr-grid-filters-sep\"><\/em><\/li><li class=\" wpr-pointer-none wpr-pointer-line-fx wpr-pointer-fx-none\"><span  data-ajax-filter=[\"product_cat\",\"accesorios\"] data-filter=\".product_cat-accesorios\">ACCESORIOS<\/span><em class=\"wpr-grid-filters-sep\"><\/em><\/li><li class=\" wpr-pointer-none wpr-pointer-line-fx wpr-pointer-fx-none\"><span  data-ajax-filter=[\"product_cat\",\"complementos\"] data-filter=\".product_cat-complementos\">COMPLEMENTOS<\/span><em class=\"wpr-grid-filters-sep\"><\/em><\/li><\/ul><section class=\"wpr-grid elementor-clearfix\" data-settings=\"{&quot;layout&quot;:&quot;fitRows&quot;,&quot;stick_last_element_to_bottom&quot;:&quot;yes&quot;,&quot;columns_desktop&quot;:3,&quot;gutter_hr&quot;:10,&quot;gutter_hr_mobile&quot;:10,&quot;gutter_hr_mobile_extra&quot;:10,&quot;gutter_hr_tablet&quot;:10,&quot;gutter_hr_tablet_extra&quot;:10,&quot;gutter_hr_laptop&quot;:10,&quot;gutter_hr_widescreen&quot;:10,&quot;gutter_vr&quot;:10,&quot;gutter_vr_mobile&quot;:10,&quot;gutter_vr_mobile_extra&quot;:10,&quot;gutter_vr_tablet&quot;:10,&quot;gutter_vr_tablet_extra&quot;:10,&quot;gutter_vr_laptop&quot;:10,&quot;gutter_vr_widescreen&quot;:10,&quot;animation&quot;:&quot;default&quot;,&quot;animation_duration&quot;:0.3,&quot;animation_delay&quot;:0.1,&quot;deeplinking&quot;:&quot;&quot;,&quot;filters_linkable&quot;:&quot;&quot;,&quot;filters_default_filter&quot;:&quot;&quot;,&quot;filters_count&quot;:&quot;&quot;,&quot;filters_hide_empty&quot;:&quot;&quot;,&quot;filters_animation&quot;:&quot;default&quot;,&quot;filters_animation_duration&quot;:0.3,&quot;filters_animation_delay&quot;:0.1,&quot;pagination_type&quot;:&quot;load-more&quot;,&quot;pagination_max_pages&quot;:2,&quot;query_posts_per_page&quot;:9,&quot;lightbox&quot;:{&quot;selector&quot;:&quot;.wpr-grid-image-wrap&quot;,&quot;iframeMaxWidth&quot;:&quot;60%&quot;,&quot;hash&quot;:false,&quot;autoplay&quot;:&quot;true&quot;,&quot;pause&quot;:5000,&quot;progressBar&quot;:&quot;true&quot;,&quot;counter&quot;:&quot;true&quot;,&quot;controls&quot;:&quot;true&quot;,&quot;getCaptionFromTitleOrAlt&quot;:&quot;true&quot;,&quot;thumbnail&quot;:&quot;&quot;,&quot;showThumbByDefault&quot;:&quot;&quot;,&quot;share&quot;:&quot;&quot;,&quot;zoom&quot;:&quot;true&quot;,&quot;fullScreen&quot;:&quot;true&quot;,&quot;download&quot;:&quot;true&quot;}}\" data-advanced-filters=\"no\" data-found-posts = 16><article class=\"wpr-grid-item elementor-clearfix post-2902 product type-product status-publish has-post-thumbnail product_cat-complementos first instock shipping-taxable product-type-external\"><div class=\"wpr-grid-item-inner\"><div class=\"wpr-grid-media-wrap wpr-effect-size-medium \" data-overlay-link=\"yes\"><div class=\"wpr-grid-image-wrap\" data-src=\"https:\/\/zeocar.lienzovirtual.com.ar\/wp-content\/uploads\/2025\/09\/32-ProtectorSubcarroceria-Negro.webp\"  data-img-on-hover=\"\" data-src-secondary=\"\"><img decoding=\"async\" src=\"https:\/\/zeocar.lienzovirtual.com.ar\/wp-content\/uploads\/2025\/09\/32-ProtectorSubcarroceria-Negro.webp\" alt=\"Protector Subcarrocer\u00eda Acr\u00edlico\" class=\"wpr-anim-timing-ease-default\"><\/div><div class=\"wpr-grid-media-hover wpr-animation-wrap\"><div class=\"wpr-grid-media-hover-bg  wpr-overlay-fade-in wpr-anim-size-large wpr-anim-timing-ease-default wpr-anim-transparency\" data-url=\"https:\/\/zeocar.lienzovirtual.com.ar\/?product=protector-subcarroceria-acrilico\"><\/div><\/div><\/div><div class=\"wpr-grid-item-below-content elementor-clearfix\"><h2 class=\"wpr-grid-item-title elementor-repeater-item-1711df8 wpr-grid-item-display-block wpr-grid-item-align-left wpr-pointer-none wpr-pointer-line-fx wpr-pointer-fx-fade\"><div class=\"inner-block\"><a target=\"_self\"   href=\"https:\/\/zeocar.lienzovirtual.com.ar\/?product=protector-subcarroceria-acrilico\">Protector Subcarrocer\u00eda Acr\u00edlico<\/a><\/div><\/h2><div class=\"wpr-grid-item-add-to-cart elementor-repeater-item-d958f7b wpr-grid-item-display-block wpr-grid-item-align-left\"><div class=\"inner-block\"><a rel=\"nofollow\" class=\"product_type_external wpr-button-effect wpr-button-none \" aria-label=\"VER M\u00c1S \u2192\" data-product_id=\"2902\" data-product_sku=\"\" data-atc-popup=\"\" data-atc-animation=\"\" data-atc-fade-out-in=\"\" data-atc-animation-time=\"\" href=\"https:\/\/zeocar.lienzovirtual.com.ar\/?product=protector-subcarroceria-acrilico\"><span>VER M\u00c1S \u2192<\/span><\/a><\/div><\/div><\/div><\/div><\/article><article class=\"wpr-grid-item elementor-clearfix post-2899 product type-product status-publish has-post-thumbnail product_cat-pulimentos-y-acabados  instock shipping-taxable product-type-external\"><div class=\"wpr-grid-item-inner\"><div class=\"wpr-grid-media-wrap wpr-effect-size-medium \" data-overlay-link=\"yes\"><div class=\"wpr-grid-image-wrap\" data-src=\"https:\/\/zeocar.lienzovirtual.com.ar\/wp-content\/uploads\/2025\/09\/83-ZeoWax.webp\"  data-img-on-hover=\"\" data-src-secondary=\"\"><img decoding=\"async\" src=\"https:\/\/zeocar.lienzovirtual.com.ar\/wp-content\/uploads\/2025\/09\/83-ZeoWax.webp\" alt=\"Zeowax\" class=\"wpr-anim-timing-ease-default\"><\/div><div class=\"wpr-grid-media-hover wpr-animation-wrap\"><div class=\"wpr-grid-media-hover-bg  wpr-overlay-fade-in wpr-anim-size-large wpr-anim-timing-ease-default wpr-anim-transparency\" data-url=\"https:\/\/zeocar.lienzovirtual.com.ar\/?product=zeowax\"><\/div><\/div><\/div><div class=\"wpr-grid-item-below-content elementor-clearfix\"><h2 class=\"wpr-grid-item-title elementor-repeater-item-1711df8 wpr-grid-item-display-block wpr-grid-item-align-left wpr-pointer-none wpr-pointer-line-fx wpr-pointer-fx-fade\"><div class=\"inner-block\"><a target=\"_self\"   href=\"https:\/\/zeocar.lienzovirtual.com.ar\/?product=zeowax\">Zeowax<\/a><\/div><\/h2><div class=\"wpr-grid-item-add-to-cart elementor-repeater-item-d958f7b wpr-grid-item-display-block wpr-grid-item-align-left\"><div class=\"inner-block\"><a rel=\"nofollow\" class=\"product_type_external wpr-button-effect wpr-button-none \" aria-label=\"VER M\u00c1S \u2192\" data-product_id=\"2899\" data-product_sku=\"\" data-atc-popup=\"\" data-atc-animation=\"\" data-atc-fade-out-in=\"\" data-atc-animation-time=\"\" href=\"https:\/\/zeocar.lienzovirtual.com.ar\/?product=zeowax\"><span>VER M\u00c1S \u2192<\/span><\/a><\/div><\/div><\/div><\/div><\/article><article class=\"wpr-grid-item elementor-clearfix post-2897 product type-product status-publish has-post-thumbnail product_cat-pulimentos-y-acabados last instock shipping-taxable product-type-external\"><div class=\"wpr-grid-item-inner\"><div class=\"wpr-grid-media-wrap wpr-effect-size-medium \" data-overlay-link=\"yes\"><div class=\"wpr-grid-image-wrap\" data-src=\"https:\/\/zeocar.lienzovirtual.com.ar\/wp-content\/uploads\/2025\/09\/4-PastaGruesa.webp\"  data-img-on-hover=\"\" data-src-secondary=\"\"><img decoding=\"async\" src=\"https:\/\/zeocar.lienzovirtual.com.ar\/wp-content\/uploads\/2025\/09\/4-PastaGruesa.webp\" alt=\"Gruesa\" class=\"wpr-anim-timing-ease-default\"><\/div><div class=\"wpr-grid-media-hover wpr-animation-wrap\"><div class=\"wpr-grid-media-hover-bg  wpr-overlay-fade-in wpr-anim-size-large wpr-anim-timing-ease-default wpr-anim-transparency\" data-url=\"https:\/\/zeocar.lienzovirtual.com.ar\/?product=gruesa\"><\/div><\/div><\/div><div class=\"wpr-grid-item-below-content elementor-clearfix\"><h2 class=\"wpr-grid-item-title elementor-repeater-item-1711df8 wpr-grid-item-display-block wpr-grid-item-align-left wpr-pointer-none wpr-pointer-line-fx wpr-pointer-fx-fade\"><div class=\"inner-block\"><a target=\"_self\"   href=\"https:\/\/zeocar.lienzovirtual.com.ar\/?product=gruesa\">Gruesa<\/a><\/div><\/h2><div class=\"wpr-grid-item-add-to-cart elementor-repeater-item-d958f7b wpr-grid-item-display-block wpr-grid-item-align-left\"><div class=\"inner-block\"><a rel=\"nofollow\" class=\"product_type_external wpr-button-effect wpr-button-none \" aria-label=\"VER M\u00c1S \u2192\" data-product_id=\"2897\" data-product_sku=\"\" data-atc-popup=\"\" data-atc-animation=\"\" data-atc-fade-out-in=\"\" data-atc-animation-time=\"\" href=\"https:\/\/zeocar.lienzovirtual.com.ar\/?product=gruesa\"><span>VER M\u00c1S \u2192<\/span><\/a><\/div><\/div><\/div><\/div><\/article><article class=\"wpr-grid-item elementor-clearfix post-2895 product type-product status-publish has-post-thumbnail product_cat-pulimentos-y-acabados first instock shipping-taxable product-type-external\"><div class=\"wpr-grid-item-inner\"><div class=\"wpr-grid-media-wrap wpr-effect-size-medium \" data-overlay-link=\"yes\"><div class=\"wpr-grid-image-wrap\" data-src=\"https:\/\/zeocar.lienzovirtual.com.ar\/wp-content\/uploads\/2025\/09\/1-PastaFina-1.webp\"  data-img-on-hover=\"\" data-src-secondary=\"\"><img decoding=\"async\" src=\"https:\/\/zeocar.lienzovirtual.com.ar\/wp-content\/uploads\/2025\/09\/1-PastaFina-1.webp\" alt=\"Fina\" class=\"wpr-anim-timing-ease-default\"><\/div><div class=\"wpr-grid-media-hover wpr-animation-wrap\"><div class=\"wpr-grid-media-hover-bg  wpr-overlay-fade-in wpr-anim-size-large wpr-anim-timing-ease-default wpr-anim-transparency\" data-url=\"https:\/\/zeocar.lienzovirtual.com.ar\/?product=fina\"><\/div><\/div><\/div><div class=\"wpr-grid-item-below-content elementor-clearfix\"><h2 class=\"wpr-grid-item-title elementor-repeater-item-1711df8 wpr-grid-item-display-block wpr-grid-item-align-left wpr-pointer-none wpr-pointer-line-fx wpr-pointer-fx-fade\"><div class=\"inner-block\"><a target=\"_self\"   href=\"https:\/\/zeocar.lienzovirtual.com.ar\/?product=fina\">Fina<\/a><\/div><\/h2><div class=\"wpr-grid-item-add-to-cart elementor-repeater-item-d958f7b wpr-grid-item-display-block wpr-grid-item-align-left\"><div class=\"inner-block\"><a rel=\"nofollow\" class=\"product_type_external wpr-button-effect wpr-button-none \" aria-label=\"VER M\u00c1S \u2192\" data-product_id=\"2895\" data-product_sku=\"\" data-atc-popup=\"\" data-atc-animation=\"\" data-atc-fade-out-in=\"\" data-atc-animation-time=\"\" href=\"https:\/\/zeocar.lienzovirtual.com.ar\/?product=fina\"><span>VER M\u00c1S \u2192<\/span><\/a><\/div><\/div><\/div><\/div><\/article><article class=\"wpr-grid-item elementor-clearfix post-2881 product type-product status-publish has-post-thumbnail product_cat-masillas  instock shipping-taxable product-type-external\"><div class=\"wpr-grid-item-inner\"><div class=\"wpr-grid-media-wrap wpr-effect-size-medium \" data-overlay-link=\"yes\"><div class=\"wpr-grid-image-wrap\" data-src=\"https:\/\/zeocar.lienzovirtual.com.ar\/wp-content\/uploads\/2025\/09\/65-Zeoflex-1.webp\"  data-img-on-hover=\"\" data-src-secondary=\"\"><img decoding=\"async\" src=\"https:\/\/zeocar.lienzovirtual.com.ar\/wp-content\/uploads\/2025\/09\/65-Zeoflex-1.webp\" alt=\"Zeoflex\" class=\"wpr-anim-timing-ease-default\"><\/div><div class=\"wpr-grid-media-hover wpr-animation-wrap\"><div class=\"wpr-grid-media-hover-bg  wpr-overlay-fade-in wpr-anim-size-large wpr-anim-timing-ease-default wpr-anim-transparency\" data-url=\"https:\/\/zeocar.lienzovirtual.com.ar\/?product=zeoflex\"><\/div><\/div><\/div><div class=\"wpr-grid-item-below-content elementor-clearfix\"><h2 class=\"wpr-grid-item-title elementor-repeater-item-1711df8 wpr-grid-item-display-block wpr-grid-item-align-left wpr-pointer-none wpr-pointer-line-fx wpr-pointer-fx-fade\"><div class=\"inner-block\"><a target=\"_self\"   href=\"https:\/\/zeocar.lienzovirtual.com.ar\/?product=zeoflex\">Zeoflex<\/a><\/div><\/h2><div class=\"wpr-grid-item-add-to-cart elementor-repeater-item-d958f7b wpr-grid-item-display-block wpr-grid-item-align-left\"><div class=\"inner-block\"><a rel=\"nofollow\" class=\"product_type_external wpr-button-effect wpr-button-none \" aria-label=\"VER M\u00c1S \u2192\" data-product_id=\"2881\" data-product_sku=\"\" data-atc-popup=\"\" data-atc-animation=\"\" data-atc-fade-out-in=\"\" data-atc-animation-time=\"\" href=\"https:\/\/zeocar.lienzovirtual.com.ar\/?product=zeoflex\"><span>VER M\u00c1S \u2192<\/span><\/a><\/div><\/div><\/div><\/div><\/article><article class=\"wpr-grid-item elementor-clearfix post-2854 product type-product status-publish has-post-thumbnail product_cat-masillas last instock shipping-taxable product-type-external\"><div class=\"wpr-grid-item-inner\"><div class=\"wpr-grid-media-wrap wpr-effect-size-medium \" data-overlay-link=\"yes\"><div class=\"wpr-grid-image-wrap\" data-src=\"https:\/\/zeocar.lienzovirtual.com.ar\/wp-content\/uploads\/2025\/09\/46-Finish-1.webp\"  data-img-on-hover=\"\" data-src-secondary=\"\"><img decoding=\"async\" src=\"https:\/\/zeocar.lienzovirtual.com.ar\/wp-content\/uploads\/2025\/09\/46-Finish-1.webp\" alt=\"Finish\" class=\"wpr-anim-timing-ease-default\"><\/div><div class=\"wpr-grid-media-hover wpr-animation-wrap\"><div class=\"wpr-grid-media-hover-bg  wpr-overlay-fade-in wpr-anim-size-large wpr-anim-timing-ease-default wpr-anim-transparency\" data-url=\"https:\/\/zeocar.lienzovirtual.com.ar\/?product=finish\"><\/div><\/div><\/div><div class=\"wpr-grid-item-below-content elementor-clearfix\"><h2 class=\"wpr-grid-item-title elementor-repeater-item-1711df8 wpr-grid-item-display-block wpr-grid-item-align-left wpr-pointer-none wpr-pointer-line-fx wpr-pointer-fx-fade\"><div class=\"inner-block\"><a target=\"_self\"   href=\"https:\/\/zeocar.lienzovirtual.com.ar\/?product=finish\">Finish<\/a><\/div><\/h2><div class=\"wpr-grid-item-add-to-cart elementor-repeater-item-d958f7b wpr-grid-item-display-block wpr-grid-item-align-left\"><div class=\"inner-block\"><a rel=\"nofollow\" class=\"product_type_external wpr-button-effect wpr-button-none \" aria-label=\"VER M\u00c1S \u2192\" data-product_id=\"2854\" data-product_sku=\"\" data-atc-popup=\"\" data-atc-animation=\"\" data-atc-fade-out-in=\"\" data-atc-animation-time=\"\" href=\"https:\/\/zeocar.lienzovirtual.com.ar\/?product=finish\"><span>VER M\u00c1S \u2192<\/span><\/a><\/div><\/div><\/div><\/div><\/article><article class=\"wpr-grid-item elementor-clearfix post-2407 product type-product status-publish has-post-thumbnail product_cat-complementos first instock shipping-taxable product-type-external\"><div class=\"wpr-grid-item-inner\"><div class=\"wpr-grid-media-wrap wpr-effect-size-medium \" data-overlay-link=\"yes\"><div class=\"wpr-grid-image-wrap\" data-src=\"https:\/\/zeocar.lienzovirtual.com.ar\/wp-content\/uploads\/2026\/03\/16-ZeoParch.webp\"  data-img-on-hover=\"\" data-src-secondary=\"\"><img decoding=\"async\" src=\"https:\/\/zeocar.lienzovirtual.com.ar\/wp-content\/uploads\/2026\/03\/16-ZeoParch.webp\" alt=\"Parche pl\u00e1stico reforzado Zeoparch\" class=\"wpr-anim-timing-ease-default\"><\/div><div class=\"wpr-grid-media-hover wpr-animation-wrap\"><div class=\"wpr-grid-media-hover-bg  wpr-overlay-fade-in wpr-anim-size-large wpr-anim-timing-ease-default wpr-anim-transparency\" data-url=\"https:\/\/zeocar.lienzovirtual.com.ar\/?product=parche-plastico-reforzado-zeoparch\"><\/div><\/div><\/div><div class=\"wpr-grid-item-below-content elementor-clearfix\"><h2 class=\"wpr-grid-item-title elementor-repeater-item-1711df8 wpr-grid-item-display-block wpr-grid-item-align-left wpr-pointer-none wpr-pointer-line-fx wpr-pointer-fx-fade\"><div class=\"inner-block\"><a target=\"_self\"   href=\"https:\/\/zeocar.lienzovirtual.com.ar\/?product=parche-plastico-reforzado-zeoparch\">Parche pl\u00e1stico reforzado Zeoparch<\/a><\/div><\/h2><div class=\"wpr-grid-item-add-to-cart elementor-repeater-item-d958f7b wpr-grid-item-display-block wpr-grid-item-align-left\"><div class=\"inner-block\"><a rel=\"nofollow\" class=\"product_type_external wpr-button-effect wpr-button-none \" aria-label=\"VER M\u00c1S \u2192\" data-product_id=\"2407\" data-product_sku=\"\" data-atc-popup=\"\" data-atc-animation=\"\" data-atc-fade-out-in=\"\" data-atc-animation-time=\"\" href=\"https:\/\/zeocar.lienzovirtual.com.ar\/?product=parche-plastico-reforzado-zeoparch\"><span>VER M\u00c1S \u2192<\/span><\/a><\/div><\/div><\/div><\/div><\/article><article class=\"wpr-grid-item elementor-clearfix post-1895 product type-product status-publish has-post-thumbnail product_cat-masillas  instock shipping-taxable product-type-external\"><div class=\"wpr-grid-item-inner\"><div class=\"wpr-grid-media-wrap wpr-effect-size-medium \" data-overlay-link=\"yes\"><div class=\"wpr-grid-image-wrap\" data-src=\"https:\/\/zeocar.lienzovirtual.com.ar\/wp-content\/uploads\/2025\/09\/60-Unica.webp\"  data-img-on-hover=\"\" data-src-secondary=\"\"><img decoding=\"async\" src=\"https:\/\/zeocar.lienzovirtual.com.ar\/wp-content\/uploads\/2025\/09\/60-Unica.webp\" alt=\"\u00danica\" class=\"wpr-anim-timing-ease-default\"><\/div><div class=\"wpr-grid-media-hover wpr-animation-wrap\"><div class=\"wpr-grid-media-hover-bg  wpr-overlay-fade-in wpr-anim-size-large wpr-anim-timing-ease-default wpr-anim-transparency\" data-url=\"https:\/\/zeocar.lienzovirtual.com.ar\/?product=unica\"><\/div><\/div><\/div><div class=\"wpr-grid-item-below-content elementor-clearfix\"><h2 class=\"wpr-grid-item-title elementor-repeater-item-1711df8 wpr-grid-item-display-block wpr-grid-item-align-left wpr-pointer-none wpr-pointer-line-fx wpr-pointer-fx-fade\"><div class=\"inner-block\"><a target=\"_self\"   href=\"https:\/\/zeocar.lienzovirtual.com.ar\/?product=unica\">\u00danica<\/a><\/div><\/h2><div class=\"wpr-grid-item-add-to-cart elementor-repeater-item-d958f7b wpr-grid-item-display-block wpr-grid-item-align-left\"><div class=\"inner-block\"><a rel=\"nofollow\" class=\"product_type_external wpr-button-effect wpr-button-none \" aria-label=\"VER M\u00c1S \u2192\" data-product_id=\"1895\" data-product_sku=\"\" data-atc-popup=\"\" data-atc-animation=\"\" data-atc-fade-out-in=\"\" data-atc-animation-time=\"\" href=\"https:\/\/zeocar.lienzovirtual.com.ar\/?product=unica\"><span>VER M\u00c1S \u2192<\/span><\/a><\/div><\/div><\/div><\/div><\/article><article class=\"wpr-grid-item elementor-clearfix post-867 product type-product status-publish has-post-thumbnail product_cat-complementos last instock shipping-taxable product-type-external\"><div class=\"wpr-grid-item-inner\"><div class=\"wpr-grid-media-wrap wpr-effect-size-medium \" data-overlay-link=\"yes\"><div class=\"wpr-grid-image-wrap\" data-src=\"https:\/\/zeocar.lienzovirtual.com.ar\/wp-content\/uploads\/2025\/09\/14-Resina.webp\"  data-img-on-hover=\"\" data-src-secondary=\"\"><img decoding=\"async\" src=\"https:\/\/zeocar.lienzovirtual.com.ar\/wp-content\/uploads\/2025\/09\/14-Resina.webp\" alt=\"Resina para parche pl\u00e1stico reforzado\" class=\"wpr-anim-timing-ease-default\"><\/div><div class=\"wpr-grid-media-hover wpr-animation-wrap\"><div class=\"wpr-grid-media-hover-bg  wpr-overlay-fade-in wpr-anim-size-large wpr-anim-timing-ease-default wpr-anim-transparency\" data-url=\"https:\/\/zeocar.lienzovirtual.com.ar\/?product=resina-para-parche-plastico-reforzado\"><\/div><\/div><\/div><div class=\"wpr-grid-item-below-content elementor-clearfix\"><h2 class=\"wpr-grid-item-title elementor-repeater-item-1711df8 wpr-grid-item-display-block wpr-grid-item-align-left wpr-pointer-none wpr-pointer-line-fx wpr-pointer-fx-fade\"><div class=\"inner-block\"><a target=\"_self\"   href=\"https:\/\/zeocar.lienzovirtual.com.ar\/?product=resina-para-parche-plastico-reforzado\">Resina para parche pl\u00e1stico reforzado<\/a><\/div><\/h2><div class=\"wpr-grid-item-add-to-cart elementor-repeater-item-d958f7b wpr-grid-item-display-block wpr-grid-item-align-left\"><div class=\"inner-block\"><a rel=\"nofollow\" class=\"product_type_external wpr-button-effect wpr-button-none \" aria-label=\"VER M\u00c1S \u2192\" data-product_id=\"867\" data-product_sku=\"\" data-atc-popup=\"\" data-atc-animation=\"\" data-atc-fade-out-in=\"\" data-atc-animation-time=\"\" href=\"https:\/\/zeocar.lienzovirtual.com.ar\/?product=resina-para-parche-plastico-reforzado\"><span>VER M\u00c1S \u2192<\/span><\/a><\/div><\/div><\/div><\/div><\/article><\/section><div class=\"wpr-grid-pagination elementor-clearfix wpr-grid-pagination-load-more\" data-pages=\"2\"><a href=\"https:\/\/zeocar.lienzovirtual.com.ar\/index.php?rest_route=%2Fwp%2Fv2%2Fpages%2F2297&#038;paged=2\" class=\"wpr-load-more-btn\" data-e-disable-page-transition>MOSTRAR M\u00c1S    \u2192<\/a><div class=\"wpr-pagination-loading\"><div class=\"wpr-double-bounce\"><div class=\"wpr-child wpr-double-bounce1\"><\/div><div class=\"wpr-child wpr-double-bounce2\"><\/div><\/div><\/div><p class=\"wpr-pagination-finish\">End of Content.<\/p><\/div>\t\t\t\t<\/div>\n\t\t\t\t<\/div>\n\t\t\t\t<\/div>\n\t\t","protected":false},"excerpt":{"rendered":"<p>NUESTROS PRODUCTOS Conoc\u00e9 nuestra l\u00ednea de productos de uso exclusivo profesional. TODOS MASILLAS PULIMENTOS Y ACABADOS ACCESORIOS COMPLEMENTOS Protector Subcarrocer\u00eda Acr\u00edlico VER M\u00c1S \u2192 Zeowax VER M\u00c1S \u2192 Gruesa VER M\u00c1S \u2192 Fina VER M\u00c1S \u2192 Zeoflex VER M\u00c1S \u2192 Finish VER M\u00c1S \u2192 Parche pl\u00e1stico reforzado Zeoparch VER M\u00c1S \u2192 \u00danica VER M\u00c1S \u2192 Resina para parche pl\u00e1stico reforzado VER M\u00c1S \u2192 MOSTRAR M\u00c1S \u2192 End of Content.<\/p>\n","protected":false},"author":1,"featured_media":0,"parent":0,"menu_order":0,"comment_status":"closed","ping_status":"closed","template":"","meta":{"footnotes":""},"class_list":["post-2297","page","type-page","status-publish","hentry"],"_hostinger_reach_plugin_has_subscription_block":false,"_hostinger_reach_plugin_is_elementor":false,"_links":{"self":[{"href":"https:\/\/zeocar.lienzovirtual.com.ar\/index.php?rest_route=\/wp\/v2\/pages\/2297","targetHints":{"allow":["GET"]}}],"collection":[{"href":"https:\/\/zeocar.lienzovirtual.com.ar\/index.php?rest_route=\/wp\/v2\/pages"}],"about":[{"href":"https:\/\/zeocar.lienzovirtual.com.ar\/index.php?rest_route=\/wp\/v2\/types\/page"}],"author":[{"embeddable":true,"href":"https:\/\/zeocar.lienzovirtual.com.ar\/index.php?rest_route=\/wp\/v2\/users\/1"}],"replies":[{"embeddable":true,"href":"https:\/\/zeocar.lienzovirtual.com.ar\/index.php?rest_route=%2Fwp%2Fv2%2Fcomments&post=2297"}],"version-history":[{"count":271,"href":"https:\/\/zeocar.lienzovirtual.com.ar\/index.php?rest_route=\/wp\/v2\/pages\/2297\/revisions"}],"predecessor-version":[{"id":4716,"href":"https:\/\/zeocar.lienzovirtual.com.ar\/index.php?rest_route=\/wp\/v2\/pages\/2297\/revisions\/4716"}],"wp:attachment":[{"href":"https:\/\/zeocar.lienzovirtual.com.ar\/index.php?rest_route=%2Fwp%2Fv2%2Fmedia&parent=2297"}],"curies":[{"name":"wp","href":"https:\/\/api.w.org\/{rel}","templated":true}]}}