{"id":2407,"date":"2026-03-25T19:13:30","date_gmt":"2026-03-25T19:13:30","guid":{"rendered":"https:\/\/zeocar.lienzovirtual.com.ar\/?post_type=product&#038;p=2407"},"modified":"2026-04-03T00:17:50","modified_gmt":"2026-04-03T00:17:50","slug":"parche-plastico-reforzado-zeoparch","status":"publish","type":"product","link":"https:\/\/zeocar.lienzovirtual.com.ar\/?product=parche-plastico-reforzado-zeoparch","title":{"rendered":"Parche pl\u00e1stico reforzado Zeoparch"},"content":{"rendered":"\t\t<div data-elementor-type=\"product-post\" data-elementor-id=\"2407\" class=\"elementor elementor-2407\" data-elementor-post-type=\"product\">\n\t\t\t\t<div class=\"elementor-element elementor-element-3169d904 e-flex e-con-boxed wpr-particle-no wpr-jarallax-no wpr-parallax-no wpr-sticky-section-no e-con e-parent\" data-id=\"3169d904\" data-element_type=\"container\" data-e-type=\"container\">\n\t\t\t\t\t<div class=\"e-con-inner\">\n\t\t\t\t<div class=\"elementor-element elementor-element-3ac753fe elementor-widget elementor-widget-text-editor\" data-id=\"3ac753fe\" data-element_type=\"widget\" data-e-type=\"widget\" data-widget_type=\"text-editor.default\">\n\t\t\t\t\t\t\t\t\t<div class=\"ficprod-C2 bordeinferior1\"><p><strong><span class=\"ficprod-subtitsecc\">Caracter\u00edsticas<\/span><\/strong><\/p><ul class=\"ficprod-ul\"><li>Facil de usar: se utiliza para reparaciones peque\u00f1as o para reforzar superficies debilitadas abolladuras o rajaduras etc.<\/li><li>Reparaciones resistentes: el fieltro de vidrio proporciona un excelente soporte, le da mayor resistencia a la superficie reparada.<\/li><li>No remueve ni ataca los metales.<\/li><li>Plasticos Reforzados: la mezcla de resinas esta dise\u00f1ada para adherirse a los plasticos reforzados con fibra\/fieltro de vidrio.<\/li><li>Bajo costo: reparaciones economicas ya que se moldea en frio y no necesita cortar o soldar con otros elementos.<\/li><\/ul><\/div><div class=\"ficprod-C3 bordeinferior1\"><p><strong><span class=\"ficprod-subtitsecc\">Modo de preparaci\u00f3n<\/span><\/strong><\/p><ul class=\"ficprod-ul\"><li>Preparar la superficie a reparar, eliminando todo resto de oxido y\/o pintura, en un area algo mayor a la de la reparacion.<\/li><li>Cortar un trozo de pa\u00f1o de lana de vidrio igual al tama\u00f1o de la zona ya limpia.<\/li><li>Colocar la cantidad de Resina (componente A) que se estime necesario dentro del recipiente batea e incorporar el 2% en peso del endurecedor (componente B), mezclar hasta lograr una total homogeneizacion. A: 100 gr, B: 2 gr.<\/li><li>A 20\u00ba C tendra un tiempo de trabajo de 10 a 20 minutos aproximadamente antes de que comience el endurecimiento de la mezcla.<\/li><li>Con el pincel provisto, aplicar una mano de la mezcla sobre la superficie preparada, colocar luego el trozo del pa\u00f1o sobre la misma y embeberlo con la resina catalizada, utilizando el pincel a manera de tapon, tratando de eliminar todo el aire contenido en el pa\u00f1o de la lana de vidrio. El curado del sistema se producira dentro de la hora, dependiendo de la temperatura ambiente.<\/li><li>Si fuera necesario una segunda aplicaci\u00f3n, eliminar la pegajosidad propia de la resina con un trap\u00f3 de Thinner y aplicar otro pa\u00f1o procediendo en la misma forma ya indicada.<\/li><li>Proceder a lijar al agua eliminando previamente en caso necesario la pegajosidad de superficie con un trapo con Thinner , masillar con ZEOCAR FORMULA POLIESTER UNIVERSAL y terminar el trabajo en forma habitual.<\/li><li>Limpiar los elementos utilizados con Thinner o Acetona.<\/li><\/ul><\/div><div class=\"ficprod-C4 bordeinferior1\"><p><strong><span class=\"ficprod-subtitsecc\">Precauciones<\/span><\/strong><\/p><ul class=\"ficprod-ul\"><li>H226. Liquidos y vapores inflamables. H319. Provoca irritacion ocular grave.<\/li><li>P210. Mantener alejado del calor, superficies calientes, chispas, llamas al descubierto y otras fuentes de ignicion.NO FUMAR.<\/li><li>P264. Lavarse cuidadosamente despues de la manipulacion. P280. Usar Guantes.<\/li><li>P303-P361-P353. En caso de contacto con la piel o el pelo, quitar inmediatamente toda la ropa contaminada, enjuagar la piel con agua o ducharse.<\/li><li>P305-P351-P338. En caso de contacto con los ojos, enjuagar con agua cuidadosamente durante varios minutos, quitar los lentes de contacto cuando esten presentes y pueda hacerse con facilidad, proseguir con el lavado.<\/li><li>P337-P313. Si la irritacion ocular persiste consultar a un medico.<\/li><li>P370-P378. En caso de incendio, utilizar niebla de agua, espuma, polvo quimico seco o dioxido de carbono (CO) para la extincion.<\/li><li>Emergencia en Argentina Centro toxicol\u00f3gico Profesor A. Posadas Tel: 0-800-333-0160 \/ 011-4658-77.<\/li><\/ul><\/div><div class=\"ficprod-C5 bordeinferior1\"><p><strong><span class=\"ficprod-subtitsecc\">Contenidos y especificaciones<\/span><\/strong><\/p><ul><li class=\"margen-inf-1\"><span class=\"ficprod-items\">Color: Ambar.<\/span><\/li><li class=\"margen-inf-1\"><span class=\"ficprod-items\">Aspecto: traslucido viscoso.<\/span><\/li><li class=\"margen-inf-1\"><span class=\"ficprod-items\">Peso especifico a 20\u00b0C: 1,08 &#8211; 1,10 k\/cm3.<\/span><\/li><\/ul><div class=\"margen-inf-1\"><p><strong><span class=\"ficprod-subtitseccitem\">FDS<\/span><\/strong><\/p><div class=\"margen-izq-25px\"><a class=\"btPDF\" href=\"https:\/\/zeocar.lienzovirtual.com.ar\/wp-content\/uploads\/2026\/04\/FDS_ZEOPARCH_KIT1.pdf\" target=\"_blank\" rel=\"noopener\">Parche pl\u00e1stico reforzado ZEOPARCH<\/a><\/div><\/div><div class=\"margen-inf-1\"><strong><span class=\"ficprod-subtitseccitem\">Presentaci\u00f3n<\/span><\/strong><\/div><ul><li class=\"margen-inf-1\"><span class=\"ficprod-items\">Envase de 0,190 Lt &#8211; pack de 8 kits.<\/span><\/li><li class=\"margen-inf-1\"><span class=\"ficprod-items\">Envase de 0,500 Lt &#8211; Pack de 6 kits.<\/span><\/li><li class=\"margen-inf-1\"><span class=\"ficprod-items\">Envase de 1,000 Lt &#8211; pack de 3 kits.<\/span><\/li><li class=\"margen-inf-1\"><span class=\"ficprod-items\">Envase de 4,000 Lt &#8211; Pack de 1 kits.<\/span><\/li><\/ul><\/div><div class=\"ficprod-C6\">\u00a0<\/div>\t\t\t\t\t\t\t\t<\/div>\n\t\t\t\t\t<\/div>\n\t\t\t\t<\/div>\n\t\t\t\t<\/div>\n\t\t","protected":false},"excerpt":{"rendered":"<p>Es un kit de plastico reforzado con fibra de vidrio para reparaciones en frio. La caja contiene los siguientes productos. Resina poliester: universal de curado rapido con excelentes propiedades luego de su polimerizacion. Catalizador: Peroxido de benzoilo en pasta. Fibra de vidrio: Fieltro de lana de vidrio.<\/p>\n","protected":false},"featured_media":2408,"comment_status":"closed","ping_status":"closed","template":"","meta":[],"product_brand":[],"product_cat":[30],"product_tag":[],"class_list":{"0":"post-2407","1":"product","2":"type-product","3":"status-publish","4":"has-post-thumbnail","6":"product_cat-complementos","8":"first","9":"instock","10":"shipping-taxable","11":"product-type-external"},"_links":{"self":[{"href":"https:\/\/zeocar.lienzovirtual.com.ar\/index.php?rest_route=\/wp\/v2\/product\/2407","targetHints":{"allow":["GET"]}}],"collection":[{"href":"https:\/\/zeocar.lienzovirtual.com.ar\/index.php?rest_route=\/wp\/v2\/product"}],"about":[{"href":"https:\/\/zeocar.lienzovirtual.com.ar\/index.php?rest_route=\/wp\/v2\/types\/product"}],"replies":[{"embeddable":true,"href":"https:\/\/zeocar.lienzovirtual.com.ar\/index.php?rest_route=%2Fwp%2Fv2%2Fcomments&post=2407"}],"version-history":[{"count":10,"href":"https:\/\/zeocar.lienzovirtual.com.ar\/index.php?rest_route=\/wp\/v2\/product\/2407\/revisions"}],"predecessor-version":[{"id":3229,"href":"https:\/\/zeocar.lienzovirtual.com.ar\/index.php?rest_route=\/wp\/v2\/product\/2407\/revisions\/3229"}],"wp:featuredmedia":[{"embeddable":true,"href":"https:\/\/zeocar.lienzovirtual.com.ar\/index.php?rest_route=\/wp\/v2\/media\/2408"}],"wp:attachment":[{"href":"https:\/\/zeocar.lienzovirtual.com.ar\/index.php?rest_route=%2Fwp%2Fv2%2Fmedia&parent=2407"}],"wp:term":[{"taxonomy":"product_brand","embeddable":true,"href":"https:\/\/zeocar.lienzovirtual.com.ar\/index.php?rest_route=%2Fwp%2Fv2%2Fproduct_brand&post=2407"},{"taxonomy":"product_cat","embeddable":true,"href":"https:\/\/zeocar.lienzovirtual.com.ar\/index.php?rest_route=%2Fwp%2Fv2%2Fproduct_cat&post=2407"},{"taxonomy":"product_tag","embeddable":true,"href":"https:\/\/zeocar.lienzovirtual.com.ar\/index.php?rest_route=%2Fwp%2Fv2%2Fproduct_tag&post=2407"}],"curies":[{"name":"wp","href":"https:\/\/api.w.org\/{rel}","templated":true}]}}