{"id":2854,"date":"2026-04-01T14:19:52","date_gmt":"2026-04-01T14:19:52","guid":{"rendered":"https:\/\/zeocar.lienzovirtual.com.ar\/?post_type=product&#038;p=2854"},"modified":"2026-04-03T00:33:33","modified_gmt":"2026-04-03T00:33:33","slug":"finish","status":"publish","type":"product","link":"https:\/\/zeocar.lienzovirtual.com.ar\/?product=finish","title":{"rendered":"Finish"},"content":{"rendered":"\t\t<div data-elementor-type=\"product-post\" data-elementor-id=\"2854\" class=\"elementor elementor-2854\" data-elementor-post-type=\"product\">\n\t\t\t\t<div class=\"elementor-element elementor-element-198290d7 e-flex e-con-boxed wpr-particle-no wpr-jarallax-no wpr-parallax-no wpr-sticky-section-no e-con e-parent\" data-id=\"198290d7\" data-element_type=\"container\" data-e-type=\"container\">\n\t\t\t\t\t<div class=\"e-con-inner\">\n\t\t\t\t<div class=\"elementor-element elementor-element-1080939e elementor-widget elementor-widget-text-editor\" data-id=\"1080939e\" data-element_type=\"widget\" data-e-type=\"widget\" data-widget_type=\"text-editor.default\">\n\t\t\t\t\t\t\t\t\t<p><strong><span class=\"ficprod-subtitsecc\">Caracter\u00edsticas<\/span><\/strong><\/p><ul class=\"ficprod-ul\"><li>Excelente terminacion.<\/li><li>Exelente capacidad para dar la forma desada a la carrocer\u00eda.<\/li><li>Extraordinaria lijabilidad.<\/li><li>Excelente espatulabilidad.<\/li><\/ul><p><strong><span class=\"ficprod-subtitsecc\">Modo de preparaci\u00f3n<\/span><\/strong><\/p><ul class=\"ficprod-ul\"><li>Remover totalmente el acabado y\/o el \u00f3xido de la superficie a reparar, lijar la misma con P80<\/li><li>Tratar la superficie dej\u00e1ndola completamente limpia y seca.<\/li><li>Homogeneizar individualmente los componentes A (Masilla) y B (Endurecedor).<\/li><li>Separar la cantidad de Masilla (Componente A) a aplicar, agregarle el 2% en peso de endurecedor. (Componente B) y mezclar hasta lograr una total homogeneizaci\u00f3n.NOTA: Nunca retorne la Mezcla (Masilla con Endurecedor) al envase pues se endurecer\u00e1 todo el contenido del mismo.<\/li><li>Aplicar la mezcla, presionando firmemente sobre la superficie preparada, en delgadas capas.<\/li><li>A una temperatura ambiente de 20\u00b0 Cent\u00edgrados, podr\u00e1 comenzar a lijar a partir de 30 minutos con Lija P150-P280.<\/li><li>En caso de considerar necesario incrementar la cantidad de relleno, repetir el mismo esquema.<\/li><li>NOTA Importante: Recuerde que los tiempos de trabajo y de lijado son afectados por la temperatura ambiente, a baja temperatura los tiempos de curado se prolongan y a alta temperatura los tiempos se acortan. No se debe exceder el 2 % de endurecedor ni debe estar por debajo del 1,5 %, porque puede acarrear problemas posteriores.<\/li><\/ul><p><strong><span class=\"ficprod-subtitsecc\">Precauciones<\/span><\/strong><\/p><ul class=\"ficprod-ul\"><li>De uso exclusivo para profesionales.<\/li><li>R10: Inflamable. R20\/21\/22: Nocivo en contacto con la pile, por ingesti\u00f3n e inhalaci\u00f3n.<\/li><li>R36\/38: Irrita los ojos y la piel. R48\/20: Nocivo : Riesgo de efectos graves para la salud en caso de exposici\u00f3n prolongada por inhalaci\u00f3n.<\/li><li>S1\/2: Cons\u00e9rvese bajo llave y mant\u00e9ngase fuera del alcance de los ni\u00f1os. S3\/9\/49<\/li><li>Cons\u00e9rvese \u00fanicamente en el recipiente de origen, en lugar fresco y bien ventilado.<\/li><li>S26 En caso de contacto con los ojos, l\u00e1vese inmediata y abundantemente con agua y ac\u00fadase a un m\u00e9dico.<\/li><li>S28 En caso de contacto con la piel l\u00e1vese inmediata y abundantemente con agua y Jab\u00f3n.<\/li><li>S46: En caso de ingesti\u00f3n ac\u00fadase inmediatamente al m\u00e9dico y mu\u00e9stresele la etiqueta o el envase.<\/li><\/ul><p><strong><span class=\"ficprod-subtitsecc\">Contenidos y especificaciones<\/span><\/strong><\/p><ul><li class=\"margen-inf-1\"><span class=\"ficprod-items\">Color: Beige claro.<\/span><\/li><li class=\"margen-inf-1\"><span class=\"ficprod-items\">Aspecto: Masa cremosa<\/span><\/li><li class=\"margen-inf-1\"><span class=\"ficprod-items\">Peso especifico a 20\u00b0C: 1,74 k\/cm3<\/span><\/li><li class=\"margen-inf-1\"><span class=\"ficprod-items\">Resistencia al agua: excelente<\/span><\/li><li class=\"margen-inf-1\"><span class=\"ficprod-items\">Resistencia a los solventes: excelente<\/span><\/li><li class=\"margen-inf-1\"><span class=\"ficprod-items\">Finura: muy buena<\/span><\/li><\/ul><div><strong><span class=\"ficprod-subtitseccitem\">FDS<\/span><\/strong><\/div><div><a class=\"btPDF\" href=\"https:\/\/zeocar.lienzovirtual.com.ar\/wp-content\/uploads\/2026\/04\/FDS_MASILLA_POLIESTER_FINISH.pdf\" target=\"_blank\" rel=\"noopener\">Hoja de seguridad Masilla Poliester FINISH.<\/a><\/div><div><div class=\"margen-izq-25px\"><a class=\"btPDF\" href=\"https:\/\/zeocar.lienzovirtual.com.ar\/wp-content\/uploads\/2026\/04\/FDS_CATALIZADOR.pdf\" target=\"_blank\" rel=\"noopener\">Hoja de seguridad Catalizador.<\/a><\/div><\/div><div><strong><span class=\"ficprod-subtitseccitem\">Presentaci\u00f3n<\/span><\/strong><\/div><ul><li><span class=\"ficprod-items\">Envase de 1 kg + endurecedor &#8211; Pack de 6 unidades<\/span><\/li><li><span class=\"ficprod-items\">Envase de 2,5 kg + endurecedor &#8211; Pack de 4 unidades<\/span><\/li><li><span class=\"ficprod-items\">Envase de 4 kg + endurecedor &#8211; Pack de 4 unidades<\/span><\/li><\/ul>\t\t\t\t\t\t\t\t<\/div>\n\t\t\t\t\t<\/div>\n\t\t\t\t<\/div>\n\t\t\t\t<\/div>\n\t\t","protected":false},"excerpt":{"rendered":"<p>Es una Masilla Poli\u00e9ster de dos componentes ( A + B ) de alto rendimiento. El componente A es una Masilla Poli\u00e9ster de Terminaci\u00f3n y el componente B es el endurecedor. Desarrollado exclusivamente para uso profesional. Indicado para reparaci\u00f3n de abolladuras, irregularidades e imperfecciones de superficies de carrocer\u00edas automotrices.<\/p>\n","protected":false},"featured_media":170,"comment_status":"open","ping_status":"closed","template":"","meta":[],"product_brand":[],"product_cat":[28],"product_tag":[],"class_list":{"0":"post-2854","1":"product","2":"type-product","3":"status-publish","4":"has-post-thumbnail","6":"product_cat-masillas","8":"first","9":"instock","10":"shipping-taxable","11":"product-type-external"},"_links":{"self":[{"href":"https:\/\/zeocar.lienzovirtual.com.ar\/index.php?rest_route=\/wp\/v2\/product\/2854","targetHints":{"allow":["GET"]}}],"collection":[{"href":"https:\/\/zeocar.lienzovirtual.com.ar\/index.php?rest_route=\/wp\/v2\/product"}],"about":[{"href":"https:\/\/zeocar.lienzovirtual.com.ar\/index.php?rest_route=\/wp\/v2\/types\/product"}],"replies":[{"embeddable":true,"href":"https:\/\/zeocar.lienzovirtual.com.ar\/index.php?rest_route=%2Fwp%2Fv2%2Fcomments&post=2854"}],"version-history":[{"count":16,"href":"https:\/\/zeocar.lienzovirtual.com.ar\/index.php?rest_route=\/wp\/v2\/product\/2854\/revisions"}],"predecessor-version":[{"id":3253,"href":"https:\/\/zeocar.lienzovirtual.com.ar\/index.php?rest_route=\/wp\/v2\/product\/2854\/revisions\/3253"}],"wp:featuredmedia":[{"embeddable":true,"href":"https:\/\/zeocar.lienzovirtual.com.ar\/index.php?rest_route=\/wp\/v2\/media\/170"}],"wp:attachment":[{"href":"https:\/\/zeocar.lienzovirtual.com.ar\/index.php?rest_route=%2Fwp%2Fv2%2Fmedia&parent=2854"}],"wp:term":[{"taxonomy":"product_brand","embeddable":true,"href":"https:\/\/zeocar.lienzovirtual.com.ar\/index.php?rest_route=%2Fwp%2Fv2%2Fproduct_brand&post=2854"},{"taxonomy":"product_cat","embeddable":true,"href":"https:\/\/zeocar.lienzovirtual.com.ar\/index.php?rest_route=%2Fwp%2Fv2%2Fproduct_cat&post=2854"},{"taxonomy":"product_tag","embeddable":true,"href":"https:\/\/zeocar.lienzovirtual.com.ar\/index.php?rest_route=%2Fwp%2Fv2%2Fproduct_tag&post=2854"}],"curies":[{"name":"wp","href":"https:\/\/api.w.org\/{rel}","templated":true}]}}