{"id":2895,"date":"2026-04-01T15:52:33","date_gmt":"2026-04-01T15:52:33","guid":{"rendered":"https:\/\/zeocar.lienzovirtual.com.ar\/?post_type=product&#038;p=2895"},"modified":"2026-04-03T00:25:32","modified_gmt":"2026-04-03T00:25:32","slug":"fina","status":"publish","type":"product","link":"https:\/\/zeocar.lienzovirtual.com.ar\/?product=fina","title":{"rendered":"Fina"},"content":{"rendered":"\t\t<div data-elementor-type=\"product-post\" data-elementor-id=\"2895\" class=\"elementor elementor-2895\" data-elementor-post-type=\"product\">\n\t\t\t\t<div class=\"elementor-element elementor-element-31d4e584 e-flex e-con-boxed wpr-particle-no wpr-jarallax-no wpr-parallax-no wpr-sticky-section-no e-con e-parent\" data-id=\"31d4e584\" data-element_type=\"container\" data-e-type=\"container\">\n\t\t\t\t\t<div class=\"e-con-inner\">\n\t\t\t\t<div class=\"elementor-element elementor-element-14799241 elementor-widget elementor-widget-text-editor\" data-id=\"14799241\" data-element_type=\"widget\" data-e-type=\"widget\" data-widget_type=\"text-editor.default\">\n\t\t\t\t\t\t\t\t\t<div class=\"ficprod-C2 bordeinferior1\"><p><strong><span class=\"ficprod-subtitsecc\">Caracter\u00edsticas<\/span><\/strong><\/p><ul class=\"ficprod-ul\"><li>Facil de utilizar: a mano (con estopa) o con maquina, deja unas peque\u00f1as rayas facil de remover.<\/li><li>No contiene solventes agresivos: los solventes utilizados en la elaboracion de este producto no remueven ni atacan a las pinturas y metales.<\/li><li>Elimina rayones: la mezcla de los distintos agentes abrasivos permite eliminar rayones gruesos y opacidad ocacionada por la prolongada exposicion a los agentes naturales.<\/li><li>Limpia y pule a la vez: su formulacion permiten eliminar grasas y suciedad a la vez que se esta restaurando la pintura.<\/li><\/ul><\/div><div class=\"ficprod-C3 bordeinferior1\"><p><strong><span class=\"ficprod-subtitsecc\">Modo de preparaci\u00f3n<\/span><\/strong><\/p><ul class=\"ficprod-ul\"><li>Lavar y\/o limpiar la superficie de particulas grandes que puedan rayar (arena, tierra, etc).<\/li><li>Aplicar a mano o con maquina pulidora con movimientos circulares.<\/li><li>Se aconseja que se aplique en superficies no mayor a 50 cm por 50 cm para obtener un mayor rendimiento y en superficies frias (no aplicar bajo el solo en caliente).<\/li><li>Evitar una presion excesiva ya sea con maquina pulidora o manualmente.<\/li><li>Si el secado de la pasta en la aplicaci\u00f3n es rapido se aconseja humedecerla para que el grano de abrasivo se vaya rompiendo para mejorar el aspecto del acabado.<\/li><li>Limpie con estop\u00e1 o franella.<\/li><li>Para mejorar el brillo y proteger puede utilizar Machine Glaze, Hand Glaze y Zeowax.<\/li><\/ul><\/div><div class=\"ficprod-C4 bordeinferior1\"><p><strong><span class=\"ficprod-subtitsecc\">Precauciones<\/span><\/strong><\/p><ul class=\"ficprod-ul\"><li>Aplicar en \u00e1reas bien ventiladas o con extracci\u00f3n forzada de aire.<\/li><li>Utilice los elementos de protecci\u00f3n correspondiente.<\/li><li>Almacenar en lugares limpios y secos lejos de posibles fuentes de calor.<\/li><li>Evitar el contacto con la piel, ojos y la inhalaci\u00f3n de los vapores.<\/li><li>No utilizar en utensilios de cocina o en elementos que est\u00e9n en contacto con los alimentos.<\/li><li>En caso de contacto en con la piel y\/o los ojos lavarse con abundante agua, de continuar con la zona irritada concurra al m\u00e9dico.<\/li><li>En caso de ingesti\u00f3n no produzca el v\u00f3mito, si la persona est\u00e1 consiente dele de beber abundante agua y concurra al m\u00e9dico de inmediato.<\/li><li>Mantenga el producto fuera del alcance de los ni\u00f1os. Emergencia en Argentina Centro toxicol\u00f3gico Profesor A. Posadas Tel: 0-800-333-0160 \/ 011-4658-77.<\/li><\/ul><\/div><div class=\"ficprod-C5 bordeinferior1\"><p><strong><span class=\"ficprod-subtitsecc\">Contenidos y especificaciones<\/span><\/strong><\/p><ul><li class=\"margen-inf-1\"><span class=\"ficprod-items\">Color: Beige claro.<\/span><\/li><li class=\"margen-inf-1\"><span class=\"ficprod-items\">Aspecto: Pasta suave.<\/span><\/li><li class=\"margen-inf-1\"><span class=\"ficprod-items\">Peso especifico a 20\u00b0C: 1,16 k\/cm3.<\/span><\/li><li class=\"margen-inf-1\"><span class=\"ficprod-items\">Ph a 25\u00ba C: 8,9 &#8211; 9,3.<\/span><\/li><\/ul><div class=\"margen-inf-1\"><p><strong><span class=\"ficprod-subtitseccitem\">FDS<\/span><\/strong><\/p><div class=\"margen-izq-25px\"><a class=\"btPDF\" href=\"https:\/\/zeocar.lienzovirtual.com.ar\/wp-content\/uploads\/2026\/04\/FDS_PASTA_PARA_PULIR_FINA_V2.pdf\" target=\"_blank\" rel=\"noopener\">Pasta para pulir FINA.<\/a><\/div><\/div><div class=\"margen-inf-1\"><strong><span class=\"ficprod-subtitseccitem\">Presentaci\u00f3n<\/span><\/strong><\/div><ul><li class=\"margen-inf-1\"><span class=\"ficprod-items\">Envase de 0,480 Lt &#8211; Pack de 6 unidades.<\/span><\/li><li class=\"margen-inf-1\"><span class=\"ficprod-items\">Envase de 1,000 Lt &#8211; Pack de 6 unidades.<\/span><\/li><li class=\"margen-inf-1\"><span class=\"ficprod-items\">Envase de 3,000 Lt &#8211; Pack de 4 unidades.<\/span><\/li><\/ul><\/div>\t\t\t\t\t\t\t\t<\/div>\n\t\t\t\t\t<\/div>\n\t\t\t\t<\/div>\n\t\t\t\t<\/div>\n\t\t","protected":false},"excerpt":{"rendered":"<p>La pasta de pulir ZEOCAR es un valioso auxiliar para acabados de cualquier superficie pintada recientemente, asi como el pulido de cualquier clase de plastico y metales. Indicada para superficies lisas, para usar como terminacion o para devolver el brillo original de superficies muy expuestas a la intemperie. La pasta de pulir ZEOCAR esta formulada para ser utilizada tanto a mano como a maquina. En caso de ser necesario bajar su consistencia, se puede agregar unas gotas de hasta 5% en peso de agua o kerosene en la zona de aplicaci\u00f3n.<\/p>\n","protected":false},"featured_media":163,"comment_status":"open","ping_status":"closed","template":"","meta":[],"product_brand":[],"product_cat":[29],"product_tag":[],"class_list":{"0":"post-2895","1":"product","2":"type-product","3":"status-publish","4":"has-post-thumbnail","6":"product_cat-pulimentos-y-acabados","8":"first","9":"instock","10":"shipping-taxable","11":"product-type-external"},"_links":{"self":[{"href":"https:\/\/zeocar.lienzovirtual.com.ar\/index.php?rest_route=\/wp\/v2\/product\/2895","targetHints":{"allow":["GET"]}}],"collection":[{"href":"https:\/\/zeocar.lienzovirtual.com.ar\/index.php?rest_route=\/wp\/v2\/product"}],"about":[{"href":"https:\/\/zeocar.lienzovirtual.com.ar\/index.php?rest_route=\/wp\/v2\/types\/product"}],"replies":[{"embeddable":true,"href":"https:\/\/zeocar.lienzovirtual.com.ar\/index.php?rest_route=%2Fwp%2Fv2%2Fcomments&post=2895"}],"version-history":[{"count":8,"href":"https:\/\/zeocar.lienzovirtual.com.ar\/index.php?rest_route=\/wp\/v2\/product\/2895\/revisions"}],"predecessor-version":[{"id":3241,"href":"https:\/\/zeocar.lienzovirtual.com.ar\/index.php?rest_route=\/wp\/v2\/product\/2895\/revisions\/3241"}],"wp:featuredmedia":[{"embeddable":true,"href":"https:\/\/zeocar.lienzovirtual.com.ar\/index.php?rest_route=\/wp\/v2\/media\/163"}],"wp:attachment":[{"href":"https:\/\/zeocar.lienzovirtual.com.ar\/index.php?rest_route=%2Fwp%2Fv2%2Fmedia&parent=2895"}],"wp:term":[{"taxonomy":"product_brand","embeddable":true,"href":"https:\/\/zeocar.lienzovirtual.com.ar\/index.php?rest_route=%2Fwp%2Fv2%2Fproduct_brand&post=2895"},{"taxonomy":"product_cat","embeddable":true,"href":"https:\/\/zeocar.lienzovirtual.com.ar\/index.php?rest_route=%2Fwp%2Fv2%2Fproduct_cat&post=2895"},{"taxonomy":"product_tag","embeddable":true,"href":"https:\/\/zeocar.lienzovirtual.com.ar\/index.php?rest_route=%2Fwp%2Fv2%2Fproduct_tag&post=2895"}],"curies":[{"name":"wp","href":"https:\/\/api.w.org\/{rel}","templated":true}]}}