{"id":2899,"date":"2026-04-01T15:56:55","date_gmt":"2026-04-01T15:56:55","guid":{"rendered":"https:\/\/zeocar.lienzovirtual.com.ar\/?post_type=product&#038;p=2899"},"modified":"2026-04-03T00:08:59","modified_gmt":"2026-04-03T00:08:59","slug":"zeowax","status":"publish","type":"product","link":"https:\/\/zeocar.lienzovirtual.com.ar\/?product=zeowax","title":{"rendered":"Zeowax"},"content":{"rendered":"\t\t<div data-elementor-type=\"product-post\" data-elementor-id=\"2899\" class=\"elementor elementor-2899\" data-elementor-post-type=\"product\">\n\t\t\t\t<div class=\"elementor-element elementor-element-3f30c370 e-flex e-con-boxed wpr-particle-no wpr-jarallax-no wpr-parallax-no wpr-sticky-section-no e-con e-parent\" data-id=\"3f30c370\" data-element_type=\"container\" data-e-type=\"container\">\n\t\t\t\t\t<div class=\"e-con-inner\">\n\t\t\t\t<div class=\"elementor-element elementor-element-73b605f5 elementor-widget elementor-widget-text-editor\" data-id=\"73b605f5\" data-element_type=\"widget\" data-e-type=\"widget\" data-widget_type=\"text-editor.default\">\n\t\t\t\t\t\t\t\t\t<p><strong><span class=\"ficprod-subtitsecc\">Caracter\u00edsticas<\/span><\/strong><\/p><ul class=\"ficprod-ul\"><li>Protector: deja una capa que protege la superficie.<\/li><li>Brillo: mejorando el brillo y realzando el color de los recubrimientos.<\/li><li>Alto rendimiento: Zeowax es de facil esparcimiento sobre las superficies, se aconseja ir tomando de a pocas cantidades de cera y extenderlas lo mas posible.<\/li><li>Facil de utilizar: Se unta el aplicador (o algod\u00f3n) con la cera y se extiende sobre la superficie que se desea proteger, luego se pasa un pa\u00f1o de microfibra (a maquina o manual).<\/li><li>Se levanta facil: se lava muy facilmente con los pa\u00f1os de Microfibras.<\/li><li>Realza los colores en burletes\/plasticos.<\/li><li>Perfume agradable.<\/li><\/ul><p><strong><span class=\"ficprod-subtitsecc\">Modo de preparaci\u00f3n<\/span><\/strong><\/p><ul class=\"ficprod-ul\"><li>Limpiar la superficie a tratar dej\u00e1ndola libre de polvo, verificar que la misma no est\u00e9 caliente ni sometida a radiaci\u00f3n solar. *Para un mejor resultado aplicar antes el sistema completo o parcial de Detailling Zeocar comenzando con Fine Paste o Machine Glaze o Hand Glaze seg\u00fan el deterioro de la misma.<\/li><li>A MANO: Humedecer el aplicador de cera o el pa\u00f1o suave y limpio con Zeowax\u00ae y extender manualmente sobre la superficie a tratar, preferiblemente en \u00e1reas no mayores a 80 x 80cm2 por vez.<\/li><li>A MAQUINA: Aplicar suficiente material como para lustrar una superficie del tama\u00f1o de un pa\u00f1o de pintura (1 puerta o \u00bd cap\u00f3t). Utilizar disco con pa\u00f1o aplicador de cera.<\/li><li>Permitir que el producto seque completamente hasta una dejar una bruma muy tenue para luego lustrar * A MANO: con pa\u00f1o de microfibra Zeocar **A MAQUINA: con disco con pa\u00f1o de lustre limpio.<\/li><li>Notar\u00e1 que el producto desaparecer\u00e1 de su vista, dejando en la superficie una capa protectora con un efecto mojado de alto brillo.<\/li><li>Repetir la operaci\u00f3n sobre el resto de la superficie.<\/li><\/ul><p><strong><span class=\"ficprod-subtitsecc\">Precauciones<\/span><\/strong><\/p><ul class=\"ficprod-ul\"><li>R10 Inflamable.<\/li><li>R67 La inhalaci\u00f3n de vapores puede provocar somnolencia y\/o v\u00e9rtigo.<\/li><li>36\/37\/38 Irrita los ojos, la piel y las v\u00edas respiratorias.<\/li><li>S3\/13\/49 Cons\u00e9rvese en lugar fresco, lejos de alimentos y bebidas; \u00fanicamente en envase original.<\/li><li>S14 Cons\u00e9rvese lejos del alcance de los ni\u00f1os.<\/li><li>S15\/16 Conservar alejado de fuente de calor, chispas o de llama &#8211; No fumar.<\/li><li>S37\/39 \u00dasense guantes adecuados protecci\u00f3n para los ojos\/la cara.<\/li><li>S45 En caso de accidente o malestar, ac\u00fadase inmediatamente al m\u00e9dico (mu\u00e9strele la etiqueta).<\/li><li>S51 \u00dasese \u00fanicamente en lugares bien ventilados.<\/li><li>S62 En caso de ingesti\u00f3n no provocar el v\u00f3mito: ac\u00fadase inmediatamente al m\u00e9dico y mu\u00e9strele la etiqueta o el envase.<\/li><li>Contacto con los ojos: Lavar los ojos con grandes cantidades de agua. Si contin\u00faan los s\u00edntomas busque atenci\u00f3n m\u00e9dica.<\/li><li>Contacto con la piel: lavar la zona afectada con agua y jab\u00f3n. Si contin\u00faan los s\u00edntomas busque atenci\u00f3n m\u00e9dica.<\/li><li>Inhalaci\u00f3n: alejar a la persona as\u00ed un lugar con aire fresco. Si contin\u00faan los s\u00edntomas. Busque atenci\u00f3n m\u00e9dica.<\/li><li>En caso de ingesti\u00f3n: no inducir el v\u00f3mito, busque atenci\u00f3n m\u00e9dica. Emergencia en Argentina Centro toxicol\u00f3gico Profesor A. Posadas Tel: 0-800-333-0160 \/ 011-4658-77.<\/li><\/ul><p><strong><span class=\"ficprod-subtitsecc\">Contenidos y especificaciones<\/span><\/strong><\/p><ul><li class=\"margen-inf-1\"><span class=\"ficprod-items\">Color: Beige.<\/span><\/li><li class=\"margen-inf-1\"><span class=\"ficprod-items\">Aspecto: Masa solida.<\/span><\/li><li class=\"margen-inf-1\"><span class=\"ficprod-items\">Peso especifico a 20\u00b0C: 0,75 &#8211; 0,85 k\/cm3.<\/span><\/li><\/ul><div class=\"margen-inf-1\"><p><strong><span class=\"ficprod-subtitseccitem\">FDS<\/span><\/strong><\/p><div class=\"margen-izq-25px\"><a class=\"btPDF\" href=\"https:\/\/zeocar.lienzovirtual.com.ar\/wp-content\/uploads\/2026\/04\/FDS_ZEOWAX.pdf\" target=\"_blank\" rel=\"noopener\">Cera protectora ZEOWAX<\/a><\/div><\/div><div>\u00a0<\/div><div class=\"margen-inf-1\"><strong><span class=\"ficprod-subtitseccitem\">Presentaci\u00f3n<\/span><\/strong><\/div><div class=\"margen-inf-1\"><span class=\"ficprod-items\">Envase de 0,290 Kg &#8211; Pack de 6 unidades.<\/span><\/div>\t\t\t\t\t\t\t\t<\/div>\n\t\t\t\t\t<\/div>\n\t\t\t\t<\/div>\n\t\t\t\t<\/div>\n\t\t","protected":false},"excerpt":{"rendered":"<div class=\"ficprod-C12\">Es un producto formulado con ceras naturales, destilados de petroleo y aditivos de ultima generacion que protege el acabado de su vehiculo (nuevo o repintado), reduciendo el deterioro provocado por las agresiones naturales diarias. Deja como resultado una capa protectora con un efecto a mojado de alto brillo.<\/div>\n","protected":false},"featured_media":175,"comment_status":"open","ping_status":"closed","template":"","meta":[],"product_brand":[],"product_cat":[29],"product_tag":[],"class_list":{"0":"post-2899","1":"product","2":"type-product","3":"status-publish","4":"has-post-thumbnail","6":"product_cat-pulimentos-y-acabados","8":"first","9":"instock","10":"shipping-taxable","11":"product-type-external"},"_links":{"self":[{"href":"https:\/\/zeocar.lienzovirtual.com.ar\/index.php?rest_route=\/wp\/v2\/product\/2899","targetHints":{"allow":["GET"]}}],"collection":[{"href":"https:\/\/zeocar.lienzovirtual.com.ar\/index.php?rest_route=\/wp\/v2\/product"}],"about":[{"href":"https:\/\/zeocar.lienzovirtual.com.ar\/index.php?rest_route=\/wp\/v2\/types\/product"}],"replies":[{"embeddable":true,"href":"https:\/\/zeocar.lienzovirtual.com.ar\/index.php?rest_route=%2Fwp%2Fv2%2Fcomments&post=2899"}],"version-history":[{"count":10,"href":"https:\/\/zeocar.lienzovirtual.com.ar\/index.php?rest_route=\/wp\/v2\/product\/2899\/revisions"}],"predecessor-version":[{"id":3217,"href":"https:\/\/zeocar.lienzovirtual.com.ar\/index.php?rest_route=\/wp\/v2\/product\/2899\/revisions\/3217"}],"wp:featuredmedia":[{"embeddable":true,"href":"https:\/\/zeocar.lienzovirtual.com.ar\/index.php?rest_route=\/wp\/v2\/media\/175"}],"wp:attachment":[{"href":"https:\/\/zeocar.lienzovirtual.com.ar\/index.php?rest_route=%2Fwp%2Fv2%2Fmedia&parent=2899"}],"wp:term":[{"taxonomy":"product_brand","embeddable":true,"href":"https:\/\/zeocar.lienzovirtual.com.ar\/index.php?rest_route=%2Fwp%2Fv2%2Fproduct_brand&post=2899"},{"taxonomy":"product_cat","embeddable":true,"href":"https:\/\/zeocar.lienzovirtual.com.ar\/index.php?rest_route=%2Fwp%2Fv2%2Fproduct_cat&post=2899"},{"taxonomy":"product_tag","embeddable":true,"href":"https:\/\/zeocar.lienzovirtual.com.ar\/index.php?rest_route=%2Fwp%2Fv2%2Fproduct_tag&post=2899"}],"curies":[{"name":"wp","href":"https:\/\/api.w.org\/{rel}","templated":true}]}}