{"id":767,"date":"2025-09-19T17:42:43","date_gmt":"2025-09-19T17:42:43","guid":{"rendered":"https:\/\/zeocar.lienzovirtual.com.ar\/?post_type=product&#038;p=767"},"modified":"2026-04-18T20:34:11","modified_gmt":"2026-04-18T20:34:11","slug":"formula-poliester","status":"publish","type":"product","link":"https:\/\/zeocar.lienzovirtual.com.ar\/?product=formula-poliester","title":{"rendered":"F\u00f3rmula Poliester"},"content":{"rendered":"\t\t<div data-elementor-type=\"product-post\" data-elementor-id=\"767\" class=\"elementor elementor-767\" data-elementor-post-type=\"product\">\n\t\t\t\t<div class=\"elementor-element elementor-element-5218decd e-flex e-con-boxed wpr-particle-no wpr-jarallax-no wpr-parallax-no wpr-sticky-section-no wpr-equal-height-no e-con e-parent\" data-id=\"5218decd\" data-element_type=\"container\" data-e-type=\"container\">\n\t\t\t\t\t<div class=\"e-con-inner\">\n\t\t\t\t<div class=\"elementor-element elementor-element-61177b72 elementor-widget elementor-widget-text-editor\" data-id=\"61177b72\" data-element_type=\"widget\" data-e-type=\"widget\" data-widget_type=\"text-editor.default\">\n\t\t\t\t\t\t\t\t\t<div class=\"ficprod-C2 bordeinferior1\"><p><strong><span class=\"ficprod-subtitsecc\">Caracter\u00edsticas<\/span><\/strong><\/p><ul class=\"ficprod-ul\"><li>Excelente espatulabilidad.<\/li><li>Excelente capacidad para dar la forma deseada a la carrocer\u00eda.<\/li><li>Extraordinaria lijabilidad.<\/li><li>Muy buena terminaci\u00f3n.<\/li><\/ul><\/div><div class=\"ficprod-C3 bordeinferior1\"><p>\u00a0<\/p><p><strong><span class=\"ficprod-subtitsecc\">Modo de preparaci\u00f3n<\/span><\/strong><\/p><ul class=\"ficprod-ul\"><li>Este producto es apto para ser utilizado en el rango de temperatura ambiente de entre 5 \u00b0C y 30 \u00b0C por debajo de este debe ser calefaccionado el ambiente y por encima del mismo se debe enfriar el producto y la superficie a reparar.<\/li><li>a)Remover totalmente el acabado y\/o el \u00f3xido de la superficie a reparar, lijar la misma con P80<\/li><li>b)Tratar la superficie dej\u00e1ndola completamente limpia y seca.<\/li><li>c)Homogeneizar individualmente los componentes A (Masilla) y B (Endurecedor).<\/li><li>d)Separar la cantidad de Masilla (Componente A) a aplicar, agregarle el 2% en peso de endurecedor (Componente B) y mezclar hasta lograr una total homogeneizaci\u00f3n.NOTA: Nunca retorne la Mezcla (Masilla con Endurecedor) al envase pues se endurecer\u00e1 todo el contenido del mismo.<\/li><li>f)Aplicar la mezcla, presionando firmemente sobre la superficie preparada, en delgadas capas.<\/li><li>g) A una temperatura ambiente de 20\u00b0 Cent\u00edgrados, podr\u00e1 comenzar a lijar a partir de 30 minutos con Lija P150-P280.<\/li><li>En caso de considerar necesario incrementar la cantidad de relleno, repetir el mismo esquema.<\/li><li>NOTA Importante: Recuerde que los tiempos de trabajo y de lijado son afectados por la temperatura ambiente, a baja temperatura los tiempos de curado se prolongan y a alta temperatura los tiempos se acortan. No se debe exceder el 2 % de endurecedor ni debe estar por debajo del 1,5 %, porque puede acarrear problemas posteriores.<\/li><\/ul><\/div><div class=\"ficprod-C4 bordeinferior1\"><p>\u00a0<\/p><p><strong><span class=\"ficprod-subtitsecc\">Precauciones<\/span><\/strong><\/p><ul class=\"ficprod-ul\"><li>De uso exclusivo para profesionales.<\/li><li>R10: Inflamable. R20\/21\/22: Nocivo en contacto con la pile, por ingesti\u00f3n e inhalaci\u00f3n.<\/li><li>R36\/38: Irrita los ojos y la piel. R48\/20: Nocivo : Riesgo de efectos graves para la salud en caso de exposici\u00f3n prolongada por inhalaci\u00f3n.<\/li><li>S1\/2: Cons\u00e9rvese bajo llave y mant\u00e9ngase fuera del alcance de los ni\u00f1os.<\/li><li>S3\/9\/49: Cons\u00e9rvese \u00fanicamente en el recipiente de origen, en lugar fresco y bien ventilado.<\/li><li>S26: En caso de contacto con los ojos, l\u00e1vese inmediata y abundantemente con agua y ac\u00fadase a un m\u00e9dico. S28 En caso de contacto con la piel l\u00e1vese inmediata y abundantemente con agua y Jab\u00f3n. S46: En caso de ingesti\u00f3n ac\u00fadase inmediatamente al m\u00e9dico y mu\u00e9stresele la etiqueta o el envase.<\/li><\/ul><\/div><div class=\"ficprod-C5 bordeinferior1\"><p>\u00a0<\/p><p><strong><span class=\"ficprod-subtitsecc\">Contenidos y especificaciones<\/span><\/strong><\/p><ul><li class=\"margen-inf-1\"><span class=\"ficprod-subtitseccitem\">Masilla<\/span><\/li><li class=\"margen-inf-1\"><span class=\"ficprod-items\">Color: Gris Claro<\/span><\/li><li class=\"margen-inf-1\"><span class=\"ficprod-items\">Aspecto: Masa cremosa<\/span><\/li><li class=\"margen-inf-1\"><span class=\"ficprod-items\">Peso especifico a 20\u00b0C: 1,72 k\/cm3<\/span><\/li><li class=\"margen-inf-1\"><span class=\"ficprod-items\">Resistencia al agua: excelente<\/span><\/li><li class=\"margen-inf-1\"><span class=\"ficprod-items\">Resistencia a los solventes: excelente<\/span><\/li><li class=\"margen-inf-1\"><span class=\"ficprod-items\">Finura: Aceptable<\/span><\/li><\/ul><div class=\"margen-inf-1\"><p>\u00a0<\/p><p><strong><span class=\"ficprod-subtitseccitem\">FDS<\/span><\/strong><\/p><div class=\"margen-izq-25px\"><a class=\"btPDF\" href=\"https:\/\/zeocar.lienzovirtual.com.ar\/wp-content\/uploads\/2026\/04\/FDS_MASILLA_POLIESTER_DE_RELLENO_ZEOCAR.pdf\" target=\"_blank\" rel=\"noopener\">Hoja de seguridad Masilla Poliester de Relleno Zeocar<\/a>\u00a0<\/div><div class=\"margen-izq-25px\"><a class=\"btPDF\" href=\"https:\/\/zeocar.lienzovirtual.com.ar\/wp-content\/uploads\/2026\/04\/FDS_CATALIZADOR.pdf\" target=\"_blank\" rel=\"noopener\">Hoja de seguridad Catalizador<\/a><\/div><p>\u00a0<\/p><p><strong><span class=\"ficprod-subtitseccitem\">Presentaci\u00f3n<\/span><\/strong><\/p><\/div><ul><li class=\"margen-inf-1\"><span class=\"ficprod-items\">Envase de 0,300 kg + endurecedor &#8211; Pack de 6 unidades<\/span><\/li><li class=\"margen-inf-1\"><span class=\"ficprod-items\">Envase de 0,500 kg + endurecedor &#8211; Pack de 6 unidades<\/span><\/li><li class=\"margen-inf-1\"><span class=\"ficprod-items\">Envase de 1 kg + endurecedor &#8211; Pack de 6 unidades<\/span><\/li><li class=\"margen-inf-1\"><span class=\"ficprod-items\">Envase de 2,5 kg + endurecedor &#8211; Pack de 4 unidades<\/span><\/li><li class=\"margen-inf-1\"><span class=\"ficprod-items\">Envase de 3,25 kg + endurecedor &#8211; Pack de 4 unidades<\/span><\/li><li class=\"margen-inf-1\"><span class=\"ficprod-items\">Envase de 4 kg + endurecedor &#8211; Pack de 4 unidades<\/span><\/li><\/ul><\/div>\t\t\t\t\t\t\t\t<\/div>\n\t\t\t\t\t<\/div>\n\t\t\t\t<\/div>\n\t\t\t\t<\/div>\n\t\t","protected":false},"excerpt":{"rendered":"<p>Es una Masilla Poli\u00e9ster de dos componentes ( A + B ) de alto rendimiento. El componente A es una Masilla Poli\u00e9ster universal de relleno y el componente B es el endurecedor. Desarrollado exclusivamente para uso profesional. Indicado para reparaci\u00f3n de abolladuras, irregularidades e imperfecciones de superficies de carrocer\u00edas automotrices.<\/p>\n","protected":false},"featured_media":169,"comment_status":"closed","ping_status":"closed","template":"","meta":{"_joinchat":[]},"product_brand":[],"product_cat":[28],"product_tag":[],"class_list":{"0":"post-767","1":"product","2":"type-product","3":"status-publish","4":"has-post-thumbnail","6":"product_cat-masillas","8":"first","9":"instock","10":"shipping-taxable","11":"product-type-external"},"_links":{"self":[{"href":"https:\/\/zeocar.lienzovirtual.com.ar\/index.php?rest_route=\/wp\/v2\/product\/767","targetHints":{"allow":["GET"]}}],"collection":[{"href":"https:\/\/zeocar.lienzovirtual.com.ar\/index.php?rest_route=\/wp\/v2\/product"}],"about":[{"href":"https:\/\/zeocar.lienzovirtual.com.ar\/index.php?rest_route=\/wp\/v2\/types\/product"}],"replies":[{"embeddable":true,"href":"https:\/\/zeocar.lienzovirtual.com.ar\/index.php?rest_route=%2Fwp%2Fv2%2Fcomments&post=767"}],"version-history":[{"count":30,"href":"https:\/\/zeocar.lienzovirtual.com.ar\/index.php?rest_route=\/wp\/v2\/product\/767\/revisions"}],"predecessor-version":[{"id":4876,"href":"https:\/\/zeocar.lienzovirtual.com.ar\/index.php?rest_route=\/wp\/v2\/product\/767\/revisions\/4876"}],"wp:featuredmedia":[{"embeddable":true,"href":"https:\/\/zeocar.lienzovirtual.com.ar\/index.php?rest_route=\/wp\/v2\/media\/169"}],"wp:attachment":[{"href":"https:\/\/zeocar.lienzovirtual.com.ar\/index.php?rest_route=%2Fwp%2Fv2%2Fmedia&parent=767"}],"wp:term":[{"taxonomy":"product_brand","embeddable":true,"href":"https:\/\/zeocar.lienzovirtual.com.ar\/index.php?rest_route=%2Fwp%2Fv2%2Fproduct_brand&post=767"},{"taxonomy":"product_cat","embeddable":true,"href":"https:\/\/zeocar.lienzovirtual.com.ar\/index.php?rest_route=%2Fwp%2Fv2%2Fproduct_cat&post=767"},{"taxonomy":"product_tag","embeddable":true,"href":"https:\/\/zeocar.lienzovirtual.com.ar\/index.php?rest_route=%2Fwp%2Fv2%2Fproduct_tag&post=767"}],"curies":[{"name":"wp","href":"https:\/\/api.w.org\/{rel}","templated":true}]}}