{"id":860,"date":"2025-09-19T21:44:14","date_gmt":"2025-09-19T21:44:14","guid":{"rendered":"https:\/\/zeocar.lienzovirtual.com.ar\/?post_type=product&#038;p=860"},"modified":"2026-04-03T00:41:14","modified_gmt":"2026-04-03T00:41:14","slug":"fine-paste","status":"publish","type":"product","link":"https:\/\/zeocar.lienzovirtual.com.ar\/?product=fine-paste","title":{"rendered":"Fine Paste"},"content":{"rendered":"\t\t<div data-elementor-type=\"product-post\" data-elementor-id=\"860\" class=\"elementor elementor-860\" data-elementor-post-type=\"product\">\n\t\t\t\t<div class=\"elementor-element elementor-element-6904a42f e-flex e-con-boxed wpr-particle-no wpr-jarallax-no wpr-parallax-no wpr-sticky-section-no e-con e-parent\" data-id=\"6904a42f\" data-element_type=\"container\" data-e-type=\"container\">\n\t\t\t\t\t<div class=\"e-con-inner\">\n\t\t\t\t<div class=\"elementor-element elementor-element-1980247e elementor-widget elementor-widget-text-editor\" data-id=\"1980247e\" data-element_type=\"widget\" data-e-type=\"widget\" data-widget_type=\"text-editor.default\">\n\t\t\t\t\t\t\t\t\t<div class=\"ficprod-C2 bordeinferior1\"><p><strong><span class=\"ficprod-subtitsecc\">Caracter\u00edsticas<\/span><\/strong><\/p><ul class=\"ficprod-ul\"><li>Gran poder de corte: Es el primer paso del sistema de restauraci\u00f3n de brillo original de superficies, la mezcla de los distintos agentes abrasivos permite eliminar marcas, rayones y opacidad generada debido a la exposici\u00f3n prolongada de los agentes naturales.<\/li><li>Reduce los tiempos de limpieza luego de su aplicaci\u00f3n. El agente limpiador de su formula permite remover la grasa, la suciedad y restos de emulsi\u00f3n<\/li><li>Producto concentrado de alto rendimiento: se recomienda rociar agua sobre la superficie durante la operaci\u00f3n.<\/li><li>F\u00e1cil de utilizar: se utiliza para pulido a mano o con maquina pulidora.<\/li><\/ul><\/div><div class=\"ficprod-C3 bordeinferior1\"><p><strong><span class=\"ficprod-subtitsecc\">Modo de preparaci\u00f3n<\/span><\/strong><\/p><ul class=\"ficprod-ul\"><li>Lavar y\/o limpiar la superficie de part\u00edculas grandes que puedan rayar (arena, tierra, etc.).<\/li><li>Aplicar a mano o con maquina pulidora con movimientos circulares.<\/li><li>Se aconseja que se aplique en superficies no mayor a 80 cm por 80 cm para obtener un mayor rendimiento y en superficies fr\u00edas (no aplicar bajo el solo en caliente).<\/li><li>Evitar una presi\u00f3n excesiva ya sea con maquina pulidora o manualmente.<\/li><li>Si el secado de la pasta en la aplicaci\u00f3n es r\u00e1pido se aconseja humedecerla para que el grano de abrasivo se vaya rompiendo para mejorar el aspecto del acabado.<\/li><li>Limpie con estopa o franela.<\/li><li>Para mejorar el brillo y proteger puede utilizar Machine Glaze, Hand Glaze y Zeowax.<\/li><\/ul><\/div><div class=\"ficprod-C4 bordeinferior1\"><p><strong><span class=\"ficprod-subtitsecc\">Precauciones<\/span><\/strong><\/p><ul class=\"ficprod-ul\"><li>R21\/22 Nocivo en contacto con la piel y por ingesti\u00f3n.<\/li><li>R36\/38 Irrita la piel y los ojos.<\/li><li>S46 En caso de ingesti\u00f3n acuda inmediatamente al medico y mu\u00e9strele la etiqueta o el envase.<\/li><li>S32\/38 No respirar los vapores\/aerosoles, En caso de ventilaci\u00f3n insuficiente, deber\u00e1 usarse equipo respiratorio adecuado.<\/li><li>S26 En caso de contacto con los ojos, l\u00e1vese inmediatamente con abundante agua y acuda inmediatamente al m\u00e9dico.<\/li><li>S36\/37 Use indumentaria y guantes de protecci\u00f3n adecuados. No se almacene ni aplique cerca del fuego o fuentes de calor. L\u00e1vese profusamente las manos con agua y jab\u00f3n despu\u00e9s de manipular el producto. Mant\u00e9ngase fuera del alcance de los ni\u00f1os.<\/li><li>En caso de ingesti\u00f3n: no inducir el v\u00f3mito, busque atenci\u00f3n m\u00e9dica. Emergencia en Argentina Centro toxicol\u00f3gico Profesor A. Posadas Tel: 0-800-333-0160 \/ 011-4658-77.<\/li><\/ul><\/div><div class=\"ficprod-C5 bordeinferior1\"><p><strong><span class=\"ficprod-subtitsecc\">Contenidos y especificaciones<\/span><\/strong><\/p><ul><li class=\"margen-inf-1\"><span class=\"ficprod-subtitseccitem\">Masilla<\/span><\/li><li class=\"margen-inf-1\"><span class=\"ficprod-items\">Color: Blanco.<\/span><\/li><li class=\"margen-inf-1\"><span class=\"ficprod-items\">Aspecto: Pasta suave.<\/span><\/li><li class=\"margen-inf-1\"><span class=\"ficprod-items\">Peso especifico a 20\u00b0C: 1,23 k\/cm3.<\/span><\/li><li class=\"margen-inf-1\"><span class=\"ficprod-items\">Ph a 25\u00ba C: 8,5 &#8211; 9,1.<\/span><\/li><\/ul><div class=\"margen-inf-1\"><p><strong><span class=\"ficprod-subtitseccitem\">FDS<\/span><\/strong><\/p><div class=\"margen-izq-25px\"><a class=\"btPDF\" href=\"https:\/\/zeocar.lienzovirtual.com.ar\/wp-content\/uploads\/2026\/04\/FDS_FINE_PASTE_PARA_LACAS_EN_BASE_ACUOSA_V2.pdf\" target=\"_blank\" rel=\"noopener\">Pasta para pulir al agua FINE PASTE<\/a><\/div><\/div><div class=\"margen-inf-1\"><strong><span class=\"ficprod-subtitseccitem\">Presentaci\u00f3n<\/span><\/strong><\/div><ul><li><span class=\"ficprod-items\">Pomo de 0,200 Lt &#8211; Caja de 15 unidades.<\/span><\/li><li><span class=\"ficprod-items\">Envase de 0,500 Lt &#8211; Pack de 9 unidades.<\/span><\/li><li><span class=\"ficprod-items\">Envase de 1,000 Lt &#8211; Pack de 6 unidades.<\/span><\/li><\/ul><\/div>\t\t\t\t\t\t\t\t<\/div>\n\t\t\t\t\t<\/div>\n\t\t\t\t<\/div>\n\t\t\t\t<\/div>\n\t\t","protected":false},"excerpt":{"rendered":"<p>Es una emulsi\u00f3n abrasiva en base acuosa para pulir y dar brillo a acabados de superficies de la carrocer\u00edas de autom\u00f3viles. Uso exclusivo para profesionales. Puede usarse solo o como base del sistema de Detailing ZEOCAR, luego de la aplicaci\u00f3n de ZEOCAR Fine Paste aplicar ZEOCAR Machine Glaze y para zonas de dif\u00edcil acceso para el disco de pulir utilizar ZEOCAR Hand Glaze. Es diluible en agua y no contiene ceras ni siliconas.<\/p>\n","protected":false},"featured_media":172,"comment_status":"closed","ping_status":"closed","template":"","meta":[],"product_brand":[],"product_cat":[29],"product_tag":[],"class_list":{"0":"post-860","1":"product","2":"type-product","3":"status-publish","4":"has-post-thumbnail","6":"product_cat-pulimentos-y-acabados","8":"first","9":"instock","10":"shipping-taxable","11":"product-type-external"},"_links":{"self":[{"href":"https:\/\/zeocar.lienzovirtual.com.ar\/index.php?rest_route=\/wp\/v2\/product\/860","targetHints":{"allow":["GET"]}}],"collection":[{"href":"https:\/\/zeocar.lienzovirtual.com.ar\/index.php?rest_route=\/wp\/v2\/product"}],"about":[{"href":"https:\/\/zeocar.lienzovirtual.com.ar\/index.php?rest_route=\/wp\/v2\/types\/product"}],"replies":[{"embeddable":true,"href":"https:\/\/zeocar.lienzovirtual.com.ar\/index.php?rest_route=%2Fwp%2Fv2%2Fcomments&post=860"}],"version-history":[{"count":7,"href":"https:\/\/zeocar.lienzovirtual.com.ar\/index.php?rest_route=\/wp\/v2\/product\/860\/revisions"}],"predecessor-version":[{"id":3260,"href":"https:\/\/zeocar.lienzovirtual.com.ar\/index.php?rest_route=\/wp\/v2\/product\/860\/revisions\/3260"}],"wp:featuredmedia":[{"embeddable":true,"href":"https:\/\/zeocar.lienzovirtual.com.ar\/index.php?rest_route=\/wp\/v2\/media\/172"}],"wp:attachment":[{"href":"https:\/\/zeocar.lienzovirtual.com.ar\/index.php?rest_route=%2Fwp%2Fv2%2Fmedia&parent=860"}],"wp:term":[{"taxonomy":"product_brand","embeddable":true,"href":"https:\/\/zeocar.lienzovirtual.com.ar\/index.php?rest_route=%2Fwp%2Fv2%2Fproduct_brand&post=860"},{"taxonomy":"product_cat","embeddable":true,"href":"https:\/\/zeocar.lienzovirtual.com.ar\/index.php?rest_route=%2Fwp%2Fv2%2Fproduct_cat&post=860"},{"taxonomy":"product_tag","embeddable":true,"href":"https:\/\/zeocar.lienzovirtual.com.ar\/index.php?rest_route=%2Fwp%2Fv2%2Fproduct_tag&post=860"}],"curies":[{"name":"wp","href":"https:\/\/api.w.org\/{rel}","templated":true}]}}