{"id":862,"date":"2025-09-19T21:52:32","date_gmt":"2025-09-19T21:52:32","guid":{"rendered":"https:\/\/zeocar.lienzovirtual.com.ar\/?post_type=product&#038;p=862"},"modified":"2026-04-03T00:27:16","modified_gmt":"2026-04-03T00:27:16","slug":"machine-glaze","status":"publish","type":"product","link":"https:\/\/zeocar.lienzovirtual.com.ar\/?product=machine-glaze","title":{"rendered":"Machine Glaze"},"content":{"rendered":"\t\t<div data-elementor-type=\"product-post\" data-elementor-id=\"862\" class=\"elementor elementor-862\" data-elementor-post-type=\"product\">\n\t\t\t\t<div class=\"elementor-element elementor-element-2af9ca76 e-flex e-con-boxed wpr-particle-no wpr-jarallax-no wpr-parallax-no wpr-sticky-section-no e-con e-parent\" data-id=\"2af9ca76\" data-element_type=\"container\" data-e-type=\"container\">\n\t\t\t\t\t<div class=\"e-con-inner\">\n\t\t\t\t<div class=\"elementor-element elementor-element-35b6d2b7 elementor-widget elementor-widget-text-editor\" data-id=\"35b6d2b7\" data-element_type=\"widget\" data-e-type=\"widget\" data-widget_type=\"text-editor.default\">\n\t\t\t\t\t\t\t\t\t<div class=\"ficprod-C2 bordeinferior1\"><p><strong><span class=\"ficprod-subtitsecc\">Caracter\u00edsticas<\/span><\/strong><\/p><ul class=\"ficprod-ul\"><li>Limpieza, pulido y abrillantador: para una mejor aplicaci\u00f3n de la pasta, se puede diluir con agua realza el brillo y mejora el acabado.<\/li><li>Elimina peque\u00f1os rayones: posee una leve cantidad de abrasivo, lo cual permite eliminar peque\u00f1os rayones y opacidad debido a la exposicion prolongada a los agentes naturales.<\/li><li>F\u00e1cil de utilizar: se utiliza para pulido a mano o con maquina pulidora. (pa\u00f1o goma espuma).<\/li><li>No contiene solventes agresivos.<\/li><\/ul><\/div><div class=\"ficprod-C3 bordeinferior1\"><p><strong><span class=\"ficprod-subtitsecc\">Modo de preparaci\u00f3n<\/span><\/strong><\/p><ul class=\"ficprod-ul\"><li>Lavar y\/o limpiar la superficie de part\u00edculas grandes que puedan rayar (arena, tierra, etc).<\/li><li>Aplicar a mano o con maquina pulidora con movimientos circulares.<\/li><li>Se aconseja que se aplique en superficies no mayor a 80 cm por 80 cm para obtener un mayor rendimiento y en superficies fr\u00edas (no aplicar bajo el solo en caliente).<\/li><li>Evitar una presi\u00f3n excesiva ya sea con maquina pulidora o manualmente.<\/li><li>Si el secado de la pasta en la aplicaci\u00f3n es r\u00e1pido se aconseja humedecerla para que el grano de abrasivo se vaya rompiendo para mejorar el aspecto del acabado.<\/li><li>Limpie con estopa o franela.<\/li><li>Para mejorar el brillo y proteger puede utilizar Hand Glaze y Zeowax.<\/li><\/ul><\/div><div class=\"ficprod-C4 bordeinferior1\"><p><strong><span class=\"ficprod-subtitsecc\">Precauciones<\/span><\/strong><\/p><ul class=\"ficprod-ul\"><li>R21\/22 Nocivo en contacto con la piel y por ingesti\u00f3n.<\/li><li>R36\/38 Irrita la piel y los ojos.<\/li><li>S46 En caso de ingesti\u00f3n acuda inmediatamente al medico y muestrele la etiqueta o el envase.<\/li><li>S32\/38 No respirar los vapores\/aerosoles, En caso de ventilaci\u00f3n insuficiente, deber\u00e1 usarse equipo respiratorio adecuado.<\/li><li>S26 En caso de contacto con los ojos, l\u00e1vese inmediatamente con abundante agua y acuda inmediatamente al medico.<\/li><li>S36\/37 Use indumentaria y guantes de protecci\u00f3n adecuados. No se almacene ni aplique cerca del fuego o fuentes de calor. L\u00e1vese profusamente las manos con agua y jab\u00f3n despu\u00e9s de manipular el producto. Mant\u00e9ngase fuera del alcance de los ni\u00f1os.<\/li><li>En caso de ingesti\u00f3n: no inducir el v\u00f3mito, busque atenci\u00f3n m\u00e9dica. Emergencia en Argentina Centro toxicol\u00f3gico Profesor A. Posadas Tel: 0-800-333-0160 \/ 011-4658-77.<\/li><\/ul><\/div><div class=\"ficprod-C5 bordeinferior1\"><p><strong><span class=\"ficprod-subtitsecc\">Contenidos y especificaciones<\/span><\/strong><\/p><ul><li class=\"margen-inf-1\"><span class=\"ficprod-subtitseccitem\">Masilla<\/span><\/li><li class=\"margen-inf-1\"><span class=\"ficprod-items\">Color: Beige.<\/span><\/li><li class=\"margen-inf-1\"><span class=\"ficprod-items\">Aspecto: Pasta suave.<\/span><\/li><li class=\"margen-inf-1\"><span class=\"ficprod-items\">Peso especifico a 20\u00b0C: 1,13 k\/cm3.<\/span><\/li><li class=\"margen-inf-1\"><span class=\"ficprod-items\">Ph a 25\u00ba C: 8,5 &#8211; 9,1.<\/span><\/li><\/ul><div class=\"margen-inf-1\"><p><strong><span class=\"ficprod-subtitseccitem\">FDS<\/span><\/strong><\/p><div class=\"margen-izq-25px\"><a class=\"btPDF\" href=\"https:\/\/zeocar.lienzovirtual.com.ar\/wp-content\/uploads\/2026\/04\/FDS_MACHINE_GLAZE.pdf\" target=\"_blank\" rel=\"noopener\">Abrillantador al agua MACHINE GLAZE<\/a><\/div><\/div><div class=\"margen-inf-1\"><strong><span class=\"ficprod-subtitseccitem\">Presentaci\u00f3n<\/span><\/strong><\/div><ul><li class=\"margen-inf-1\"><span class=\"ficprod-items\">Pomo de 0,200 Lt &#8211; Caja de 15 unidades.<\/span><\/li><li class=\"margen-inf-1\"><span class=\"ficprod-items\">Envase de 0,500 Lt &#8211; Pack de 9 unidades.<\/span><\/li><li class=\"margen-inf-1\"><span class=\"ficprod-items\">Envase de 1,000 Lt &#8211; Pack de 6 unidades.<\/span><\/li><\/ul><\/div>\t\t\t\t\t\t\t\t<\/div>\n\t\t\t\t\t<\/div>\n\t\t\t\t<\/div>\n\t\t\t\t<\/div>\n\t\t","protected":false},"excerpt":{"rendered":"<p>Es una emulsi\u00f3n en base acuosa destinada a dar brillo a superficies de la carrocer\u00eda del automotor aplicable a maquina pulidora. Uso exclusivo para profesionales. Puede usarse solo o como parte del sistema de Detailing ZEOCAR luego de la aplicaci\u00f3n de ZEOCAR Fine Paste. Para zonas de dif\u00edcil acceso con maquina utilizar ZEOCAR Hand Glaze. Es diluible en agua y no contiene ceras ni siliconas.<\/p>\n","protected":false},"featured_media":173,"comment_status":"closed","ping_status":"closed","template":"","meta":[],"product_brand":[],"product_cat":[29],"product_tag":[],"class_list":{"0":"post-862","1":"product","2":"type-product","3":"status-publish","4":"has-post-thumbnail","6":"product_cat-pulimentos-y-acabados","8":"first","9":"instock","10":"shipping-taxable","11":"product-type-external"},"_links":{"self":[{"href":"https:\/\/zeocar.lienzovirtual.com.ar\/index.php?rest_route=\/wp\/v2\/product\/862","targetHints":{"allow":["GET"]}}],"collection":[{"href":"https:\/\/zeocar.lienzovirtual.com.ar\/index.php?rest_route=\/wp\/v2\/product"}],"about":[{"href":"https:\/\/zeocar.lienzovirtual.com.ar\/index.php?rest_route=\/wp\/v2\/types\/product"}],"replies":[{"embeddable":true,"href":"https:\/\/zeocar.lienzovirtual.com.ar\/index.php?rest_route=%2Fwp%2Fv2%2Fcomments&post=862"}],"version-history":[{"count":7,"href":"https:\/\/zeocar.lienzovirtual.com.ar\/index.php?rest_route=\/wp\/v2\/product\/862\/revisions"}],"predecessor-version":[{"id":3244,"href":"https:\/\/zeocar.lienzovirtual.com.ar\/index.php?rest_route=\/wp\/v2\/product\/862\/revisions\/3244"}],"wp:featuredmedia":[{"embeddable":true,"href":"https:\/\/zeocar.lienzovirtual.com.ar\/index.php?rest_route=\/wp\/v2\/media\/173"}],"wp:attachment":[{"href":"https:\/\/zeocar.lienzovirtual.com.ar\/index.php?rest_route=%2Fwp%2Fv2%2Fmedia&parent=862"}],"wp:term":[{"taxonomy":"product_brand","embeddable":true,"href":"https:\/\/zeocar.lienzovirtual.com.ar\/index.php?rest_route=%2Fwp%2Fv2%2Fproduct_brand&post=862"},{"taxonomy":"product_cat","embeddable":true,"href":"https:\/\/zeocar.lienzovirtual.com.ar\/index.php?rest_route=%2Fwp%2Fv2%2Fproduct_cat&post=862"},{"taxonomy":"product_tag","embeddable":true,"href":"https:\/\/zeocar.lienzovirtual.com.ar\/index.php?rest_route=%2Fwp%2Fv2%2Fproduct_tag&post=862"}],"curies":[{"name":"wp","href":"https:\/\/api.w.org\/{rel}","templated":true}]}}