{"id":863,"date":"2025-09-19T21:57:09","date_gmt":"2025-09-19T21:57:09","guid":{"rendered":"https:\/\/zeocar.lienzovirtual.com.ar\/?post_type=product&#038;p=863"},"modified":"2026-04-03T00:28:22","modified_gmt":"2026-04-03T00:28:22","slug":"hand-glaze","status":"publish","type":"product","link":"https:\/\/zeocar.lienzovirtual.com.ar\/?product=hand-glaze","title":{"rendered":"Hand Glaze"},"content":{"rendered":"\t\t<div data-elementor-type=\"product-post\" data-elementor-id=\"863\" class=\"elementor elementor-863\" data-elementor-post-type=\"product\">\n\t\t\t\t<div class=\"elementor-element elementor-element-28114b2a e-flex e-con-boxed wpr-particle-no wpr-jarallax-no wpr-parallax-no wpr-sticky-section-no e-con e-parent\" data-id=\"28114b2a\" data-element_type=\"container\" data-e-type=\"container\">\n\t\t\t\t\t<div class=\"e-con-inner\">\n\t\t\t\t<div class=\"elementor-element elementor-element-3bdbf95f elementor-widget elementor-widget-text-editor\" data-id=\"3bdbf95f\" data-element_type=\"widget\" data-e-type=\"widget\" data-widget_type=\"text-editor.default\">\n\t\t\t\t\t\t\t\t\t<div class=\"ficprod-C2 bordeinferior1\"><p><strong><span class=\"ficprod-subtitsecc\">Caracter\u00edsticas<\/span><\/strong><\/p><ul class=\"ficprod-ul\"><li>Brillo y limpieza: su aplicaci\u00f3n limpia la superficie de contaminantes y realza el brillo obtenido del pulimiento.<\/li><li>F\u00e1cil de utilizar: aplicaci\u00f3n manual.<\/li><li>No contiene solventes agresivos.<\/li><li>Elimina peque\u00f1os rayones.<\/li><li>Se puede diluir con agua para una mejor aplicaci\u00f3n.<\/li><\/ul><\/div><div class=\"ficprod-C3 bordeinferior1\"><p><strong><span class=\"ficprod-subtitsecc\">Modo de preparaci\u00f3n<\/span><\/strong><\/p><ul class=\"ficprod-ul\"><li>Lavar y\/o limpiar la superficie de part\u00edculas grandes que puedan rayar (arena, tierra, etc.).<\/li><li>Aplicar a mano con movimientos circulares.<\/li><li>Se aconseja que se aplique en superficies no mayor a 80 cm por 80 cm para obtener un mayor rendimiento y en superficies fr\u00edas (no aplicar bajo el solo en caliente).<\/li><li>Limpie con pa\u00f1o de microfibra.<\/li><li>Para mejorar el brillo y proteger puede utilizar Zeowax.<\/li><\/ul><\/div><div class=\"ficprod-C4 bordeinferior1\"><p><strong><span class=\"ficprod-subtitsecc\">Precauciones<\/span><\/strong><\/p><ul class=\"ficprod-ul\"><li>R21\/22 Nocivo en contacto con la piel y por ingesti\u00f3n.<\/li><li>R36\/38 Irrita la piel y los ojos.<\/li><li>S46 En caso de ingesti\u00f3n acuda inmediatamente al medico y mu\u00e9strele la etiqueta o el envase.<\/li><li>S32\/38 No respirar los vapores\/aerosoles, En caso de ventilaci\u00f3n insuficiente, deber\u00e1 usarse equipo respiratorio adecuado.<\/li><li>S26 En caso de contacto con los ojos, l\u00e1vese inmediatamente con abundante agua y acuda inmediatamente al medico.<\/li><li>S36\/37 Use indumentaria y guantes de protecci\u00f3n adecuados. No se almacene ni aplique cerca del fuego o fuentes de calor. L\u00e1vese profusamente las manos con agua y jab\u00f3n despu\u00e9s de manipular el producto. Mant\u00e9ngase fuera del alcance de los ni\u00f1os<\/li><li>En caso de ingesti\u00f3n: no inducir el v\u00f3mito, busque atenci\u00f3n m\u00e9dica. Emergencia en Argentina Centro toxicol\u00f3gico Profesor A. Posadas Tel: 0-800-333-0160 \/ 011-4658-77<\/li><\/ul><\/div><div class=\"ficprod-C5 bordeinferior1\"><p><strong><span class=\"ficprod-subtitsecc\">Contenidos y especificaciones<\/span><\/strong><\/p><div class=\"margen-inf-1\"><span class=\"ficprod-subtitseccitem\">Masilla<\/span><\/div><ul><li class=\"margen-inf-1\"><span class=\"ficprod-items\">Color: Blanco.<\/span><\/li><li class=\"margen-inf-1\"><span class=\"ficprod-items\">Aspecto: Liquido espeso.<\/span><\/li><li class=\"margen-inf-1\"><span class=\"ficprod-items\">Peso especifico a 20\u00b0C: 0,929 k\/cm3.<\/span><\/li><li class=\"margen-inf-1\"><span class=\"ficprod-items\">Ph a 25\u00ba C: 8,5 &#8211; 9,1.<\/span><\/li><\/ul><div class=\"margen-inf-1\"><p><strong><span class=\"ficprod-subtitseccitem\">FDS<\/span><\/strong><\/p><div class=\"margen-izq-25px\"><a class=\"btPDF\" href=\"https:\/\/zeocar.lienzovirtual.com.ar\/wp-content\/uploads\/2026\/04\/FDS_HANDGLAZE.pdf\" target=\"_blank\" rel=\"noopener\">Abrillantador al agua HAND GLAZE<\/a><\/div><\/div><p><strong><span class=\"ficprod-subtitseccitem\">Presentaci\u00f3n <\/span><\/strong><\/p><ul><li class=\"margen-inf-1\"><span class=\"ficprod-items\">Pomo de 0,200 Lt &#8211; Caja de 15 unidades.<\/span><\/li><li class=\"margen-inf-1\"><span class=\"ficprod-items\">Envase de 0,500 Lt &#8211; Pack de 9 unidades.<\/span><\/li><li class=\"margen-inf-1\"><span class=\"ficprod-items\">Envase de 1,000 Lt &#8211; Pack de 6 unidades.<\/span><\/li><\/ul><\/div>\t\t\t\t\t\t\t\t<\/div>\n\t\t\t\t\t<\/div>\n\t\t\t\t<\/div>\n\t\t\t\t<\/div>\n\t\t","protected":false},"excerpt":{"rendered":"<p>Es una emulsi\u00f3n en base acuosa destinada a dar brillo a superficies de la carrocer\u00eda del automotor aplicable a mano. Exclusivo para profesionales. Puede usarse solo como complemento de las Pastas de Pulir ZEOCAR o como parte del sistema de Detailing ZEOCAR , luego de la aplicaci\u00f3n de ZEOCAR Fine Paste y\/o ZEOCAR Machine Glaze. Es diluible en agua y no contiene ceras ni siliconas.<\/p>\n","protected":false},"featured_media":174,"comment_status":"closed","ping_status":"closed","template":"","meta":[],"product_brand":[],"product_cat":[29],"product_tag":[],"class_list":{"0":"post-863","1":"product","2":"type-product","3":"status-publish","4":"has-post-thumbnail","6":"product_cat-pulimentos-y-acabados","8":"first","9":"instock","10":"shipping-taxable","11":"product-type-external"},"_links":{"self":[{"href":"https:\/\/zeocar.lienzovirtual.com.ar\/index.php?rest_route=\/wp\/v2\/product\/863","targetHints":{"allow":["GET"]}}],"collection":[{"href":"https:\/\/zeocar.lienzovirtual.com.ar\/index.php?rest_route=\/wp\/v2\/product"}],"about":[{"href":"https:\/\/zeocar.lienzovirtual.com.ar\/index.php?rest_route=\/wp\/v2\/types\/product"}],"replies":[{"embeddable":true,"href":"https:\/\/zeocar.lienzovirtual.com.ar\/index.php?rest_route=%2Fwp%2Fv2%2Fcomments&post=863"}],"version-history":[{"count":7,"href":"https:\/\/zeocar.lienzovirtual.com.ar\/index.php?rest_route=\/wp\/v2\/product\/863\/revisions"}],"predecessor-version":[{"id":3247,"href":"https:\/\/zeocar.lienzovirtual.com.ar\/index.php?rest_route=\/wp\/v2\/product\/863\/revisions\/3247"}],"wp:featuredmedia":[{"embeddable":true,"href":"https:\/\/zeocar.lienzovirtual.com.ar\/index.php?rest_route=\/wp\/v2\/media\/174"}],"wp:attachment":[{"href":"https:\/\/zeocar.lienzovirtual.com.ar\/index.php?rest_route=%2Fwp%2Fv2%2Fmedia&parent=863"}],"wp:term":[{"taxonomy":"product_brand","embeddable":true,"href":"https:\/\/zeocar.lienzovirtual.com.ar\/index.php?rest_route=%2Fwp%2Fv2%2Fproduct_brand&post=863"},{"taxonomy":"product_cat","embeddable":true,"href":"https:\/\/zeocar.lienzovirtual.com.ar\/index.php?rest_route=%2Fwp%2Fv2%2Fproduct_cat&post=863"},{"taxonomy":"product_tag","embeddable":true,"href":"https:\/\/zeocar.lienzovirtual.com.ar\/index.php?rest_route=%2Fwp%2Fv2%2Fproduct_tag&post=863"}],"curies":[{"name":"wp","href":"https:\/\/api.w.org\/{rel}","templated":true}]}}