{"id":866,"date":"2025-09-19T22:03:28","date_gmt":"2025-09-19T22:03:28","guid":{"rendered":"https:\/\/zeocar.lienzovirtual.com.ar\/?post_type=product&#038;p=866"},"modified":"2026-04-03T00:18:58","modified_gmt":"2026-04-03T00:18:58","slug":"desoxidante-fosfatizante-convertidor","status":"publish","type":"product","link":"https:\/\/zeocar.lienzovirtual.com.ar\/?product=desoxidante-fosfatizante-convertidor","title":{"rendered":"Desoxidante-Fosfatizante-Convertidor"},"content":{"rendered":"\t\t<div data-elementor-type=\"product-post\" data-elementor-id=\"866\" class=\"elementor elementor-866\" data-elementor-post-type=\"product\">\n\t\t\t\t<div class=\"elementor-element elementor-element-70a745a5 e-con-full e-flex wpr-particle-no wpr-jarallax-no wpr-parallax-no wpr-sticky-section-no e-con e-parent\" data-id=\"70a745a5\" data-element_type=\"container\" data-e-type=\"container\">\n\t\t\t\t<div class=\"elementor-element elementor-element-4689849c elementor-widget-mobile__width-initial elementor-widget elementor-widget-text-editor\" data-id=\"4689849c\" data-element_type=\"widget\" data-e-type=\"widget\" data-widget_type=\"text-editor.default\">\n\t\t\t\t\t\t\t\t\t<div class=\"ficprod-C2 bordeinferior1\"><p><strong><span class=\"ficprod-subtitsecc\">Caracter\u00edsticas<\/span><\/strong><\/p><ul class=\"ficprod-ul\"><li>Desoxidante \u2013 El producto contiene \u00e1cido fosf\u00f3rico que junto al resto de los componentes atacan los \u00f3xido de los metales y los remueve de la superficie.<\/li><li>F\u00f3sfatizante \u2013 Forma sales de f\u00f3sforo ayudan a la adherencia, porque act\u00faan como mordientes para los recubrimientos, f\u00e1cilmente identificable ya que la superficie adquiere un aspecto tornasolado.<\/li><li>Convertidor \u2013 Convierte a las mol\u00e9culas de \u00f3xido en complejos de f\u00f3sforo m\u00e1s estable.<\/li><\/ul><\/div><div class=\"ficprod-C3 bordeinferior1\"><p><strong><span class=\"ficprod-subtitsecc\">Modo de preparaci\u00f3n<\/span><\/strong><\/p><ul class=\"ficprod-ul\"><li>Mediante la ayuda de un pincel, cepillo o trapo moje la superficie a desoxidar.<\/li><li>Deje actuar 10 minutos aproximadamente hasta que desaparezca la coloraci\u00f3n de oxido.<\/li><li>En caso en que el oxido fuera abundante, ayudar la remoci\u00f3n con viruta o cepillo de alambre.<\/li><li>Una vez finalizado el tratamiento, secar inmediatamente con trapos o estopa. En caso de observar pegajosidad en la superficie tratada enjuagar con agua y secar seg\u00fan se indico.<\/li><li>Aplicar la primera mano de pintura dentro de las 24 hs. de efectuado el fosfatizado.<\/li><\/ul><\/div><div class=\"ficprod-C4 bordeinferior1\"><p><strong><span class=\"ficprod-subtitsecc\">Precauciones<\/span><\/strong><\/p><ul class=\"ficprod-ul\"><li>H314 &#8211; Provoca graves quemaduras en la piel y lesiones oculares graves.<\/li><li>P260 &#8211; No respirar humos, gases, nieblas, vapores o aerosoles.<\/li><li>P264 &#8211; Lavarse cuidadosamente despu\u00e9s de la manipulaci\u00f3n.<\/li><li>P280 &#8211; Usar guantes.<\/li><li>P301 + P330 + P331 &#8211; EN CASO DE INGESTI\u00d3N: Enjuagar la boca. NO provocar el v\u00f3mito.<\/li><li>P303 + P361 + P353 &#8211; EN CASO DE CONTACTO CON LA PIEL (o el pelo): Quitar inmediatamente toda la ropa contaminada. Enjuagar la piel con agua o ducharse.<\/li><li>P304 + P340 &#8211; EN CASO DE INHALACI\u00d3N: Transportar a la persona al aire libre y mantenerla en una posici\u00f3n que le facilite la respiraci\u00f3n.<\/li><li>P305 + P351 + P338 &#8211; EN CASO DE CONTACTO CON LOS OJOS: Enjuagar con agua cuidadosamente durante varios minutos. Quitar las lentes de contacto cuando est\u00e9n presentes y pueda hacerse con facilidad. Proseguir con el lavado.<\/li><li>P405 &#8211; Guardar bajo llave.<\/li><li>P501 &#8211; Eliminar el contenido\/ recipiente conforme a la reglamentaci\u00f3n nacional\/ internacional.<\/li><li>Emergencia en Argentina Centro toxicol\u00f3gico Profesor A. Posadas Tel: 0-800-333-0160 \/ 011-4658-77.<\/li><\/ul><\/div><div class=\"ficprod-C5 bordeinferior1\"><p><strong><span class=\"ficprod-subtitsecc\">Contenidos y especificaciones<\/span><\/strong><\/p><ul><li class=\"margen-inf-1\"><span class=\"ficprod-subtitseccitem\">Masilla<\/span><\/li><li class=\"margen-inf-1\"><span class=\"ficprod-items\">Color: Incoloro.<\/span><\/li><li class=\"margen-inf-1\"><span class=\"ficprod-items\">Aspecto: Liquido traslucido.<\/span><\/li><li class=\"margen-inf-1\"><span class=\"ficprod-items\">Peso especifico a 20\u00b0C: 1,08 &#8211; 1,10 k\/cm3.<\/span><\/li><li class=\"margen-inf-1\"><span class=\"ficprod-items\">Ph a 25\u00ba C: 1,5 &#8211; 2.<\/span><\/li><\/ul><div class=\"margen-inf-1\"><p><strong><span class=\"ficprod-subtitseccitem\">FDS<\/span><\/strong><\/p><div class=\"margen-izq-25px\"><a class=\"btPDF\" href=\"https:\/\/zeocar.lienzovirtual.com.ar\/wp-content\/uploads\/2026\/04\/FDS_DESOXIDANTE_FOSFATIZANTE_CONVERTIDOR.pdf\" target=\"_blank\" rel=\"noopener\">Removedor de oxido DESOXIDANTE FOSFATIZANTE CONVERTIDOR<\/a><\/div><\/div><div class=\"margen-inf-1\"><strong><span class=\"ficprod-subtitseccitem\">Presentaci\u00f3n<\/span><\/strong><\/div><ul><li class=\"margen-inf-1\"><span class=\"ficprod-items\">Envase Plastico de 0,950 Lt &#8211; Pack de 9 unidades.<\/span><\/li><li class=\"margen-inf-1\"><span class=\"ficprod-items\">Envase plastico de 5,000 Lt &#8211; Pack de 2 unidades.<\/span><\/li><li class=\"margen-inf-1\"><span class=\"ficprod-items\">Envase plastico de 20,000 Lt &#8211; por unidad.<\/span><\/li><\/ul><\/div><div class=\"ficprod-C6\">\u00a0<\/div>\t\t\t\t\t\t\t\t<\/div>\n\t\t\t\t<\/div>\n\t\t\t\t<\/div>\n\t\t","protected":false},"excerpt":{"rendered":"<p>Es un liquido desoxidante que por sus notables caracteristicas elimina el oxido por inmersion o simple mojado. Ademas que por su gran poder de humectacion penetra en los lugares mas inaccesibles, dejando una superficie apta para paso posterior. A la vez mejora en forma notable la adherencia de los recubrimientos.<\/p>\n","protected":false},"featured_media":164,"comment_status":"closed","ping_status":"closed","template":"","meta":[],"product_brand":[],"product_cat":[30],"product_tag":[],"class_list":{"0":"post-866","1":"product","2":"type-product","3":"status-publish","4":"has-post-thumbnail","6":"product_cat-complementos","8":"first","9":"instock","10":"shipping-taxable","11":"product-type-external"},"_links":{"self":[{"href":"https:\/\/zeocar.lienzovirtual.com.ar\/index.php?rest_route=\/wp\/v2\/product\/866","targetHints":{"allow":["GET"]}}],"collection":[{"href":"https:\/\/zeocar.lienzovirtual.com.ar\/index.php?rest_route=\/wp\/v2\/product"}],"about":[{"href":"https:\/\/zeocar.lienzovirtual.com.ar\/index.php?rest_route=\/wp\/v2\/types\/product"}],"replies":[{"embeddable":true,"href":"https:\/\/zeocar.lienzovirtual.com.ar\/index.php?rest_route=%2Fwp%2Fv2%2Fcomments&post=866"}],"version-history":[{"count":11,"href":"https:\/\/zeocar.lienzovirtual.com.ar\/index.php?rest_route=\/wp\/v2\/product\/866\/revisions"}],"predecessor-version":[{"id":3232,"href":"https:\/\/zeocar.lienzovirtual.com.ar\/index.php?rest_route=\/wp\/v2\/product\/866\/revisions\/3232"}],"wp:featuredmedia":[{"embeddable":true,"href":"https:\/\/zeocar.lienzovirtual.com.ar\/index.php?rest_route=\/wp\/v2\/media\/164"}],"wp:attachment":[{"href":"https:\/\/zeocar.lienzovirtual.com.ar\/index.php?rest_route=%2Fwp%2Fv2%2Fmedia&parent=866"}],"wp:term":[{"taxonomy":"product_brand","embeddable":true,"href":"https:\/\/zeocar.lienzovirtual.com.ar\/index.php?rest_route=%2Fwp%2Fv2%2Fproduct_brand&post=866"},{"taxonomy":"product_cat","embeddable":true,"href":"https:\/\/zeocar.lienzovirtual.com.ar\/index.php?rest_route=%2Fwp%2Fv2%2Fproduct_cat&post=866"},{"taxonomy":"product_tag","embeddable":true,"href":"https:\/\/zeocar.lienzovirtual.com.ar\/index.php?rest_route=%2Fwp%2Fv2%2Fproduct_tag&post=866"}],"curies":[{"name":"wp","href":"https:\/\/api.w.org\/{rel}","templated":true}]}}